{"id":9491,"date":"2024-01-07T02:11:06","date_gmt":"2024-01-06T23:11:06","guid":{"rendered":"https:\/\/rainbow07tour.com\/?page_id=9491"},"modified":"2024-01-12T04:11:19","modified_gmt":"2024-01-12T01:11:19","slug":"blog-3","status":"publish","type":"page","link":"https:\/\/rainbow07tour.com\/de\/blog-3\/","title":{"rendered":"Blog"},"content":{"rendered":"<div data-elementor-type=\"wp-page\" data-elementor-id=\"9491\" class=\"elementor elementor-9491\">\n\t\t\t\t\t\t\t\t\t<section class=\"elementor-section elementor-top-section elementor-element elementor-element-06983b8 elementor-section-boxed elementor-section-height-default elementor-section-height-default\" data-id=\"06983b8\" data-element_type=\"section\">\n\t\t\t\t\t\t<div class=\"elementor-container elementor-column-gap-default\">\n\t\t\t\t\t<div class=\"elementor-column elementor-col-100 elementor-top-column elementor-element elementor-element-eae6236\" data-id=\"eae6236\" data-element_type=\"column\">\n\t\t\t<div class=\"elementor-widget-wrap elementor-element-populated\">\n\t\t\t\t\t\t\t\t<div class=\"elementor-element elementor-element-6bc18f0 elementor-widget elementor-widget-tripgo_elementor_heading\" data-id=\"6bc18f0\" data-element_type=\"widget\" data-widget_type=\"tripgo_elementor_heading.default\">\n\t\t\t\t<div class=\"elementor-widget-container\">\n\t\t\t\t\t<div class=\"ova-title\">\n\n\t\t\t\t\t\t\t<h3 class=\"sub-title\">Blog<\/h3>\n\t\t\t\n\t\t\t\t\t\t\t\n\t\t\t\t\t<h2 class=\"title\">Reisetipps und Ratschl\u00e4ge<\/h2>\n\t\t\t\t\t\t\t\n\t\t\t\n\t\t<\/div> \n\t\t \t\n\t\t\t\t<\/div>\n\t\t\t\t<\/div>\n\t\t\t\t<div class=\"elementor-element elementor-element-3e81757 elementor-widget elementor-widget-tripgo_elementor_blog_grid\" data-id=\"3e81757\" data-element_type=\"widget\" data-widget_type=\"tripgo_elementor_blog_grid.default\">\n\t\t\t\t<div class=\"elementor-widget-container\">\n\t\t\t\t\t\n\t\t<ul class=\"ova-blog columns3 template1\">\n\t\t\t\t\t\t\t<li class=\"item\">\n\n\t\t\t\t\t\n\t\t\t\t\t    <div class=\"media\">\n\t\t\t\t        \t<a href=\"https:\/\/rainbow07tour.com\/de\/alanyada-geleneksel-turk-kulturunu-kesfedin\/\" rel=\"bookmark\" title=\"Entdecken Sie die traditionelle t\u00fcrkische Kultur in Alanya\">\n\t\t\t\t        \t\t<img fetchpriority=\"high\" decoding=\"async\" width=\"768\" height=\"500\" src=\"https:\/\/rainbow07tour.com\/wp-content\/uploads\/2024\/01\/6-1-768x500.png\" class=\"img-responsive wp-post-image\" alt=\"\" \/>\t\t\t\t        \t\t<div class=\"overlay\"><\/div>\n\t\t\t\t        \t<\/a>\n\t\t\t\t        <\/div>\n\n\t\t\t        \n\t\t        \t<div class=\"ova-content\">\n\t        \t\t\t<ul class=\"post-meta\">\n\t\t\t\t\t\t    \n\t\t\t\t\t\t\t\n\t\t\t\t\t\t<\/ul>\n\t\t\t\t\t\t\n\t\t\t\t\t\t\t\t\t\t            <h4 class=\"post-title\">\n\t\t\t\t\t\t        <a href=\"https:\/\/rainbow07tour.com\/de\/alanyada-geleneksel-turk-kulturunu-kesfedin\/\" rel=\"bookmark\" title=\"Entdecken Sie die traditionelle t\u00fcrkische Kultur in Alanya\">Entdecken Sie die traditionelle t\u00fcrkische Kultur in Alanya<\/a>\n\t\t\t\t\t\t    <\/h4>\n\t\t\t\t\t    \n\t\t\t\t\t    \t\t\t\t\t\t    <div class=\"short_desc\">\n\t\t\t\t\t\t    \t<p> Alanya fasziniert Touristen nicht nur mit seinen Natursch\u00f6nheiten und historischen Reicht\u00fcmern, sondern auch mit seiner reichen t\u00fcrkischen Kultur. In\u2026 <\/p>\n\t\t\t\t\t\t    <\/div>\n\t\t\t\t\t\t\n\t\t\t\t\t    \t\t        \t<\/div>\n\t\t\t\t        \n\t\t\t\t<\/li>\t\n\t\t\t\t\t\n\t\t\t\t\t\t\t<li class=\"item\">\n\n\t\t\t\t\t\n\t\t\t\t\t    <div class=\"media\">\n\t\t\t\t        \t<a href=\"https:\/\/rainbow07tour.com\/de\/alanyanin-dogal-harikalari-kesfedilmeyi-bekleyen-guzellikler\/\" rel=\"bookmark\" title=\"Naturwunder von Alanya: Sch\u00f6nheiten, die darauf warten, entdeckt zu werden\">\n\t\t\t\t        \t\t<img decoding=\"async\" width=\"768\" height=\"500\" src=\"https:\/\/rainbow07tour.com\/wp-content\/uploads\/2024\/01\/5-1-768x500.png\" class=\"img-responsive wp-post-image\" alt=\"\" \/>\t\t\t\t        \t\t<div class=\"overlay\"><\/div>\n\t\t\t\t        \t<\/a>\n\t\t\t\t        <\/div>\n\n\t\t\t        \n\t\t        \t<div class=\"ova-content\">\n\t        \t\t\t<ul class=\"post-meta\">\n\t\t\t\t\t\t    \n\t\t\t\t\t\t\t\n\t\t\t\t\t\t<\/ul>\n\t\t\t\t\t\t\n\t\t\t\t\t\t\t\t\t\t            <h4 class=\"post-title\">\n\t\t\t\t\t\t        <a href=\"https:\/\/rainbow07tour.com\/de\/alanyanin-dogal-harikalari-kesfedilmeyi-bekleyen-guzellikler\/\" rel=\"bookmark\" title=\"Naturwunder von Alanya: Sch\u00f6nheiten, die darauf warten, entdeckt zu werden\">Naturwunder von Alanya: Sch\u00f6nheiten, die darauf warten, entdeckt zu werden<\/a>\n\t\t\t\t\t\t    <\/h4>\n\t\t\t\t\t    \n\t\t\t\t\t    \t\t\t\t\t\t    <div class=\"short_desc\">\n\t\t\t\t\t\t    \t<p> Alanya macht nicht nur mit seinen Str\u00e4nden und historischen Orten auf sich aufmerksam, sondern auch mit seinen Natursch\u00f6nheiten. In diesem Blog\u2026 <\/p>\n\t\t\t\t\t\t    <\/div>\n\t\t\t\t\t\t\n\t\t\t\t\t    \t\t        \t<\/div>\n\t\t\t\t        \n\t\t\t\t<\/li>\t\n\t\t\t\t\t\n\t\t\t\t\t\t\t<li class=\"item\">\n\n\t\t\t\t\t\n\t\t\t\t\t    <div class=\"media\">\n\t\t\t\t        \t<a href=\"https:\/\/rainbow07tour.com\/de\/alanyada-aileler-icin-eglence-cocuk-dostu-aktiviteler\/\" rel=\"bookmark\" title=\"Spa\u00df f\u00fcr Familien in Alanya: Kinderfreundliche Aktivit\u00e4ten\">\n\t\t\t\t        \t\t<img decoding=\"async\" width=\"768\" height=\"500\" src=\"https:\/\/rainbow07tour.com\/wp-content\/uploads\/2024\/01\/4-1-768x500.png\" class=\"img-responsive wp-post-image\" alt=\"\" \/>\t\t\t\t        \t\t<div class=\"overlay\"><\/div>\n\t\t\t\t        \t<\/a>\n\t\t\t\t        <\/div>\n\n\t\t\t        \n\t\t        \t<div class=\"ova-content\">\n\t        \t\t\t<ul class=\"post-meta\">\n\t\t\t\t\t\t    \n\t\t\t\t\t\t\t\n\t\t\t\t\t\t<\/ul>\n\t\t\t\t\t\t\n\t\t\t\t\t\t\t\t\t\t            <h4 class=\"post-title\">\n\t\t\t\t\t\t        <a href=\"https:\/\/rainbow07tour.com\/de\/alanyada-aileler-icin-eglence-cocuk-dostu-aktiviteler\/\" rel=\"bookmark\" title=\"Spa\u00df f\u00fcr Familien in Alanya: Kinderfreundliche Aktivit\u00e4ten\">Spa\u00df f\u00fcr Familien in Alanya: Kinderfreundliche Aktivit\u00e4ten<\/a>\n\t\t\t\t\t\t    <\/h4>\n\t\t\t\t\t    \n\t\t\t\t\t    \t\t\t\t\t\t    <div class=\"short_desc\">\n\t\t\t\t\t\t    \t<p> Alanya ist nicht nur f\u00fcr Erwachsene, sondern auch f\u00fcr Familien und Kinder ein tolles Urlaubsziel. In diesem Artikel\u2026 <\/p>\n\t\t\t\t\t\t    <\/div>\n\t\t\t\t\t\t\n\t\t\t\t\t    \t\t        \t<\/div>\n\t\t\t\t        \n\t\t\t\t<\/li>\t\n\t\t\t\t\t\n\t\t\t\t\t\t\t<li class=\"item\">\n\n\t\t\t\t\t\n\t\t\t\t\t    <div class=\"media\">\n\t\t\t\t        \t<a href=\"https:\/\/rainbow07tour.com\/de\/alanyada-unutulmaz-bir-tatil-icin-ipuclari\/\" rel=\"bookmark\" title=\"Tipps f\u00fcr einen unvergesslichen Urlaub in Alanya\">\n\t\t\t\t        \t\t<img loading=\"lazy\" decoding=\"async\" width=\"768\" height=\"500\" src=\"https:\/\/rainbow07tour.com\/wp-content\/uploads\/2024\/01\/3-1-768x500.png\" class=\"img-responsive wp-post-image\" alt=\"\" \/>\t\t\t\t        \t\t<div class=\"overlay\"><\/div>\n\t\t\t\t        \t<\/a>\n\t\t\t\t        <\/div>\n\n\t\t\t        \n\t\t        \t<div class=\"ova-content\">\n\t        \t\t\t<ul class=\"post-meta\">\n\t\t\t\t\t\t    \n\t\t\t\t\t\t\t\n\t\t\t\t\t\t<\/ul>\n\t\t\t\t\t\t\n\t\t\t\t\t\t\t\t\t\t            <h4 class=\"post-title\">\n\t\t\t\t\t\t        <a href=\"https:\/\/rainbow07tour.com\/de\/alanyada-unutulmaz-bir-tatil-icin-ipuclari\/\" rel=\"bookmark\" title=\"Tipps f\u00fcr einen unvergesslichen Urlaub in Alanya\">Tipps f\u00fcr einen unvergesslichen Urlaub in Alanya<\/a>\n\t\t\t\t\t\t    <\/h4>\n\t\t\t\t\t    \n\t\t\t\t\t    \t\t\t\t\t\t    <div class=\"short_desc\">\n\t\t\t\t\t\t    \t<p> Alanya, the pearl of the Mediterranean, offers visitors a unique holiday experience. In this blog post, we will share some&hellip; <\/p>\n\t\t\t\t\t\t    <\/div>\n\t\t\t\t\t\t\n\t\t\t\t\t    \t\t        \t<\/div>\n\t\t\t\t        \n\t\t\t\t<\/li>\t\n\t\t\t\t\t\n\t\t\t\t\t\t\t<li class=\"item\">\n\n\t\t\t\t\t\n\t\t\t\t\t    <div class=\"media\">\n\t\t\t\t        \t<a href=\"https:\/\/rainbow07tour.com\/de\/alanyanin-kulturel-ve-tarihi-mirasinin-kesfi\/\" rel=\"bookmark\" title=\"Entdecken Sie Alanyas kulturelles und historisches Erbe\">\n\t\t\t\t        \t\t<img loading=\"lazy\" decoding=\"async\" width=\"768\" height=\"500\" src=\"https:\/\/rainbow07tour.com\/wp-content\/uploads\/2024\/01\/2-1-768x500.png\" class=\"img-responsive wp-post-image\" alt=\"\" \/>\t\t\t\t        \t\t<div class=\"overlay\"><\/div>\n\t\t\t\t        \t<\/a>\n\t\t\t\t        <\/div>\n\n\t\t\t        \n\t\t        \t<div class=\"ova-content\">\n\t        \t\t\t<ul class=\"post-meta\">\n\t\t\t\t\t\t    \n\t\t\t\t\t\t\t\n\t\t\t\t\t\t<\/ul>\n\t\t\t\t\t\t\n\t\t\t\t\t\t\t\t\t\t            <h4 class=\"post-title\">\n\t\t\t\t\t\t        <a href=\"https:\/\/rainbow07tour.com\/de\/alanyanin-kulturel-ve-tarihi-mirasinin-kesfi\/\" rel=\"bookmark\" title=\"Entdecken Sie Alanyas kulturelles und historisches Erbe\">Entdecken Sie Alanyas kulturelles und historisches Erbe<\/a>\n\t\t\t\t\t\t    <\/h4>\n\t\t\t\t\t    \n\t\t\t\t\t    \t\t\t\t\t\t    <div class=\"short_desc\">\n\t\t\t\t\t\t    \t<p> Alanya is a holiday destination that attracts attention not only with its sun and beaches, but also with its rich&hellip; <\/p>\n\t\t\t\t\t\t    <\/div>\n\t\t\t\t\t\t\n\t\t\t\t\t    \t\t        \t<\/div>\n\t\t\t\t        \n\t\t\t\t<\/li>\t\n\t\t\t\t\t\n\t\t\t\t\t\t\t<li class=\"item\">\n\n\t\t\t\t\t\n\t\t\t\t\t    <div class=\"media\">\n\t\t\t\t        \t<a href=\"https:\/\/rainbow07tour.com\/de\/alanyanin-kesfedilmemis-guzellikleri-gizli-cennetler-ve-essiz-deneyimler\/\" rel=\"bookmark\" title=\"Unentdeckte Sch\u00f6nheiten von Alanya: Versteckte Paradiese und einzigartige Erlebnisse\">\n\t\t\t\t        \t\t<img loading=\"lazy\" decoding=\"async\" width=\"768\" height=\"500\" src=\"https:\/\/rainbow07tour.com\/wp-content\/uploads\/2024\/01\/1-1-768x500.png\" class=\"img-responsive wp-post-image\" alt=\"\" \/>\t\t\t\t        \t\t<div class=\"overlay\"><\/div>\n\t\t\t\t        \t<\/a>\n\t\t\t\t        <\/div>\n\n\t\t\t        \n\t\t        \t<div class=\"ova-content\">\n\t        \t\t\t<ul class=\"post-meta\">\n\t\t\t\t\t\t    \n\t\t\t\t\t\t\t\n\t\t\t\t\t\t<\/ul>\n\t\t\t\t\t\t\n\t\t\t\t\t\t\t\t\t\t            <h4 class=\"post-title\">\n\t\t\t\t\t\t        <a href=\"https:\/\/rainbow07tour.com\/de\/alanyanin-kesfedilmemis-guzellikleri-gizli-cennetler-ve-essiz-deneyimler\/\" rel=\"bookmark\" title=\"Unentdeckte Sch\u00f6nheiten von Alanya: Versteckte Paradiese und einzigartige Erlebnisse\">Unentdeckte Sch\u00f6nheiten von Alanya: Versteckte Paradiese und einzigartige Erlebnisse<\/a>\n\t\t\t\t\t\t    <\/h4>\n\t\t\t\t\t    \n\t\t\t\t\t    \t\t\t\t\t\t    <div class=\"short_desc\">\n\t\t\t\t\t\t    \t<p> Undiscovered Beauties of Alanya: Hidden Heavens and Unique Experiences Although Alanya is one of Turkey&#8217;s most popular holiday destinations, it&hellip; <\/p>\n\t\t\t\t\t\t    <\/div>\n\t\t\t\t\t\t\n\t\t\t\t\t    \t\t        \t<\/div>\n\t\t\t\t        \n\t\t\t\t<\/li>\t\n\t\t\t\t\t\n\t\t\t\t\t<\/ul>\n\t\t\n\t\t\n\t\t\t\t<\/div>\n\t\t\t\t<\/div>\n\t\t\t\t\t<\/div>\n\t\t<\/div>\n\t\t\t\t\t\t\t<\/div>\n\t\t<\/section>\n\t\t\t\t\t\t\t<\/div>","protected":false},"excerpt":{"rendered":"<p>Blog Travel Tips and Advice Alanya&#8217;da Geleneksel T\u00fcrk K\u00fclt\u00fcr\u00fcn\u00fc Ke\u015ffedin Alanya, sadece do\u011fal g\u00fczellikleri ve tarihi zenginlikleri ile de\u011fil, ayn\u0131 zamanda zengin T\u00fcrk k\u00fclt\u00fcr\u00fc ile de turistleri b\u00fcy\u00fcl\u00fcyor. Bu blog&hellip; Alanya&#8217;n\u0131n Do\u011fal Harikalar\u0131: Ke\u015ffedilmeyi Bekleyen G\u00fczellikler Alanya, sadece plajlar\u0131 ve tarihi mekanlar\u0131 ile de\u011fil, ayn\u0131 zamanda do\u011fal g\u00fczellikleri ile de dikkat \u00e7ekiyor. Bu blog yaz\u0131s\u0131nda, [&hellip;]<\/p>","protected":false},"author":1,"featured_media":0,"parent":0,"menu_order":0,"comment_status":"closed","ping_status":"closed","template":"elementor_header_footer","meta":{"_monsterinsights_skip_tracking":false,"_monsterinsights_sitenote_active":false,"_monsterinsights_sitenote_note":"","_monsterinsights_sitenote_category":0,"footnotes":""},"class_list":["post-9491","page","type-page","status-publish","hentry"],"aioseo_notices":[],"_links":{"self":[{"href":"https:\/\/rainbow07tour.com\/de\/wp-json\/wp\/v2\/pages\/9491","targetHints":{"allow":["GET"]}}],"collection":[{"href":"https:\/\/rainbow07tour.com\/de\/wp-json\/wp\/v2\/pages"}],"about":[{"href":"https:\/\/rainbow07tour.com\/de\/wp-json\/wp\/v2\/types\/page"}],"author":[{"embeddable":true,"href":"https:\/\/rainbow07tour.com\/de\/wp-json\/wp\/v2\/users\/1"}],"replies":[{"embeddable":true,"href":"https:\/\/rainbow07tour.com\/de\/wp-json\/wp\/v2\/comments?post=9491"}],"version-history":[{"count":7,"href":"https:\/\/rainbow07tour.com\/de\/wp-json\/wp\/v2\/pages\/9491\/revisions"}],"predecessor-version":[{"id":9634,"href":"https:\/\/rainbow07tour.com\/de\/wp-json\/wp\/v2\/pages\/9491\/revisions\/9634"}],"wp:attachment":[{"href":"https:\/\/rainbow07tour.com\/de\/wp-json\/wp\/v2\/media?parent=9491"}],"curies":[{"name":"wp","href":"https:\/\/api.w.org\/{rel}","templated":true}]}}