{"id":10001,"date":"2024-03-29T01:39:40","date_gmt":"2024-03-28T22:39:40","guid":{"rendered":"https:\/\/rainbow07tour.com\/?post_type=product&#038;p=10001"},"modified":"2024-03-29T01:40:23","modified_gmt":"2024-03-28T22:40:23","slug":"quad-safari","status":"publish","type":"product","link":"https:\/\/rainbow07tour.com\/de\/urun\/quad-safari\/","title":{"rendered":"Quad-Safari"},"content":{"rendered":"<div class=\"header-ul\"><\/div>\n<div class=\"header-ul\">\n<h3><img decoding=\"async\" class=\"rounded img-fluid float-sm-left mt-2 mr-sm-4 mb-2\" style=\"font-size: 16px;\" src=\"https:\/\/www.dailytoursinalanya.com\/Content\/images\/tours\/5\/thumb\/alanya-jeep-safari-14.webp\" alt=\"Alanya Jeep Safari 2\" \/><\/h3>\n<\/div>\n<div class=\"content-text\">\n<p><strong>Quad-Safari-Abenteuer in Alanya<\/strong><\/p>\n<p>Tauchen Sie ein in eine spannende Quad-Safari-Tour in Alanya, eine Reise voller Spannung, Adrenalin und Abenteuer. Diese Tour findet vor der malerischen Kulisse der Ausl\u00e4ufer des Taurusgebirges statt, umgeben von \u00fcppigen Kiefernw\u00e4ldern. Navigieren Sie auf den unbefestigten, schlammigen Pfaden, die diese atemberaubende Landschaft durchkreuzen, und erleben Sie eine unvergessliche Erkundung.<\/p>\n<p><strong>Tour\u00fcbersicht<\/strong><\/p>\n<p>F\u00fcr die Alanya-Quad-Safari sind weder Vorkenntnisse noch ein F\u00fchrerschein erforderlich. Die Quads sind benutzerfreundlich, mit Automatikgetriebe ausgestattet und erfordern nur die H\u00e4nde zum Gasgeben und Bremsen. Nach einer umfassenden Einweisung und einer Probefahrt unter der Leitung unserer erfahrenen Guides und Instruktoren begeben Sie sich auf ein aufregendes Abenteuer. Die Quad-Safari umfasst etwa 25 Kilometer in 2,5 bis 3 Stunden, mit Pausen zum Entspannen, f\u00fcr Fotogelegenheiten und einem erfrischenden Bad im Fluss.<\/p>\n<p><strong>Flexible Fahroptionen<\/strong><\/p>\n<p>Die Teilnehmer haben die M\u00f6glichkeit, alleine auf einem Quad zu fahren oder sich gegen einen Aufpreis von 7 \u20ac eines mit einem Partner zu teilen. Kinder unter 12 Jahren k\u00f6nnen ihre Eltern auf demselben Quad begleiten, sodass ein familienfreundliches Erlebnis gew\u00e4hrleistet ist. Ihre Sicherheit hat f\u00fcr uns oberste Priorit\u00e4t. Wir stellen Helme und die Anleitung professioneller Instruktoren w\u00e4hrend der gesamten Tour zur Verf\u00fcgung.<\/p>\n<p><strong>Was ist inbegriffen:<\/strong><\/p>\n<ul>\n<li>Abholung vom Hotel und R\u00fccktransfer<\/li>\n<li>Fachkundige Beratung<\/li>\n<li>Schutzhelm<\/li>\n<\/ul>\n<p><strong>Optionale Extras:<\/strong><\/p>\n<ul>\n<li>Erinnerungsfotos und DVD<\/li>\n<li>Erfrischungen<\/li>\n<\/ul>\n<p><strong>Zus\u00e4tzliche Informationen und Empfehlungen:<\/strong><\/p>\n<ul>\n<li>Wir empfehlen, Sonnenschutzmittel, Badekleidung (f\u00fcr den Badestopp), bequemes Schuhwerk, eine Sonnenbrille und ein Kopftuch oder Taschentuch zu tragen, um Ihr Gesicht vor Staub zu sch\u00fctzen.<\/li>\n<li>Sonnenbrillen und Bandanas k\u00f6nnen bei unserem Guide erworben werden.<\/li>\n<li>Die Bezahlung kann bar direkt bei unserem Reiseleiter erfolgen.<\/li>\n<\/ul>\n<p>Bereiten Sie sich darauf vor, die raue Sch\u00f6nheit der Landschaft Alanyas aus der einzigartigen Perspektive eines Quads zu erleben, wo Abenteuer und Natur auf einer unvergesslichen Reise aufeinandertreffen.<\/p>\n<\/div>","protected":false},"excerpt":{"rendered":"<p>Quad Safari Adventure in Alanya Dive into an enthralling quad safari tour in Alanya, a journey of excitement, adrenaline, and adventure. This tour is set against the picturesque backdrop of the Taurus Mountains&#8217; foothills, enveloped in lush pine forests. Navigate the off-road, muddy paths that crisscross this stunning landscape for an unforgettable exploration. Tour Overview [&hellip;]<\/p>","protected":false},"featured_media":9756,"comment_status":"open","ping_status":"closed","template":"","meta":{"_monsterinsights_skip_tracking":false,"_monsterinsights_sitenote_active":false,"_monsterinsights_sitenote_note":"","_monsterinsights_sitenote_category":0},"product_cat":[97],"product_tag":[],"class_list":{"0":"post-10001","1":"product","2":"type-product","3":"status-publish","4":"has-post-thumbnail","6":"product_cat-alanya-jeep-safari","8":"first","9":"instock","10":"sale","11":"shipping-taxable","12":"purchasable","13":"product-type-ovabrw_car_rental"},"aioseo_notices":[],"_links":{"self":[{"href":"https:\/\/rainbow07tour.com\/de\/wp-json\/wp\/v2\/product\/10001","targetHints":{"allow":["GET"]}}],"collection":[{"href":"https:\/\/rainbow07tour.com\/de\/wp-json\/wp\/v2\/product"}],"about":[{"href":"https:\/\/rainbow07tour.com\/de\/wp-json\/wp\/v2\/types\/product"}],"replies":[{"embeddable":true,"href":"https:\/\/rainbow07tour.com\/de\/wp-json\/wp\/v2\/comments?post=10001"}],"wp:featuredmedia":[{"embeddable":true,"href":"https:\/\/rainbow07tour.com\/de\/wp-json\/wp\/v2\/media\/9756"}],"wp:attachment":[{"href":"https:\/\/rainbow07tour.com\/de\/wp-json\/wp\/v2\/media?parent=10001"}],"wp:term":[{"taxonomy":"product_cat","embeddable":true,"href":"https:\/\/rainbow07tour.com\/de\/wp-json\/wp\/v2\/product_cat?post=10001"},{"taxonomy":"product_tag","embeddable":true,"href":"https:\/\/rainbow07tour.com\/de\/wp-json\/wp\/v2\/product_tag?post=10001"}],"curies":[{"name":"wp","href":"https:\/\/api.w.org\/{rel}","templated":true}]}}