{"id":10008,"date":"2024-03-29T02:02:32","date_gmt":"2024-03-28T23:02:32","guid":{"rendered":"https:\/\/rainbow07tour.com\/?post_type=product&#038;p=10008"},"modified":"2025-09-01T01:24:50","modified_gmt":"2025-08-31T22:24:50","slug":"combo-6","status":"publish","type":"product","link":"https:\/\/rainbow07tour.com\/de\/urun\/combo-6\/","title":{"rendered":"combo &#8211; 6"},"content":{"rendered":"<p><strong>rafting<br \/>\nzipline<br \/>\nquad safari<br \/>\nbagy safari<br \/>\ncabrio safari<br \/>\nk\u00f6pr\u00fcl\u00fc kanyon gezisi<br \/>\ncanyonig panaroma<\/strong><\/p>\n<p>Do\u011fan\u0131n harikalar\u0131n\u0131 ke\u015ffedin, en \u00fcst d\u00fczey macera paketimizle! \u00d6nce nefes kesen manzaralar e\u015fli\u011finde keyifli bir Cabrio Safari ile ba\u015flay\u0131n, ard\u0131ndan tarihi k\u00f6pr\u00fcleri ve do\u011fal g\u00fczellikleri g\u00f6steren etkileyici bir K\u00f6pr\u00fcl\u00fc Kanyon Turu yap\u0131n. Sonra, gizli do\u011fal su kaynaklar\u0131n\u0131 ve etkileyici manzaralan ke\u015ffetti\u011finiz heyecan verici bir canyoning panorama maceras\u0131na at\u0131l\u0131n. Adrenalin dolu bir rafting deneyimi s\u0131ras\u0131nda ak\u0131nt\u0131lar\u0131 fethetmenin heyecan\u0131n\u0131 hissedin. Sonra, sert arazide heyecan verici bir Quad\/Buggy turuyla heyecan\u0131 art\u0131r\u0131n. Son olarak, g\u00f6ky\u00fcz\u00fcnde heyecan dolu bir Zipline yolculu\u011fuyla do\u011fan\u0131n oyun alan\u0131nda unutulmaz bir deneyim ile tamamlay\u0131n.<\/p>","protected":false},"excerpt":{"rendered":"<p>rafting zipline quad safari bagy safari cabrio safari k\u00f6pr\u00fcl\u00fc kanyon gezisi canyonig panaroma Do\u011fan\u0131n harikalar\u0131n\u0131 ke\u015ffedin, en \u00fcst d\u00fczey macera paketimizle! \u00d6nce nefes kesen manzaralar e\u015fli\u011finde keyifli bir Cabrio Safari ile ba\u015flay\u0131n, ard\u0131ndan tarihi k\u00f6pr\u00fcleri ve do\u011fal g\u00fczellikleri g\u00f6steren etkileyici bir K\u00f6pr\u00fcl\u00fc Kanyon Turu yap\u0131n. Sonra, gizli do\u011fal su kaynaklar\u0131n\u0131 ve etkileyici manzaralan ke\u015ffetti\u011finiz heyecan [&hellip;]<\/p>","protected":false},"featured_media":10182,"comment_status":"open","ping_status":"closed","template":"","meta":{"_monsterinsights_skip_tracking":false,"_monsterinsights_sitenote_active":false,"_monsterinsights_sitenote_note":"","_monsterinsights_sitenote_category":0},"product_cat":[102],"product_tag":[101],"class_list":{"0":"post-10008","1":"product","2":"type-product","3":"status-publish","4":"has-post-thumbnail","6":"product_cat-combo-6","7":"product_tag-combo-6","9":"first","10":"instock","11":"sale","12":"shipping-taxable","13":"purchasable","14":"product-type-ovabrw_car_rental"},"aioseo_notices":[],"_links":{"self":[{"href":"https:\/\/rainbow07tour.com\/de\/wp-json\/wp\/v2\/product\/10008","targetHints":{"allow":["GET"]}}],"collection":[{"href":"https:\/\/rainbow07tour.com\/de\/wp-json\/wp\/v2\/product"}],"about":[{"href":"https:\/\/rainbow07tour.com\/de\/wp-json\/wp\/v2\/types\/product"}],"replies":[{"embeddable":true,"href":"https:\/\/rainbow07tour.com\/de\/wp-json\/wp\/v2\/comments?post=10008"}],"wp:featuredmedia":[{"embeddable":true,"href":"https:\/\/rainbow07tour.com\/de\/wp-json\/wp\/v2\/media\/10182"}],"wp:attachment":[{"href":"https:\/\/rainbow07tour.com\/de\/wp-json\/wp\/v2\/media?parent=10008"}],"wp:term":[{"taxonomy":"product_cat","embeddable":true,"href":"https:\/\/rainbow07tour.com\/de\/wp-json\/wp\/v2\/product_cat?post=10008"},{"taxonomy":"product_tag","embeddable":true,"href":"https:\/\/rainbow07tour.com\/de\/wp-json\/wp\/v2\/product_tag?post=10008"}],"curies":[{"name":"wp","href":"https:\/\/api.w.org\/{rel}","templated":true}]}}