{"id":9692,"date":"2024-01-14T00:47:13","date_gmt":"2024-01-13T21:47:13","guid":{"rendered":"https:\/\/rainbow07tour.com\/?post_type=product&#038;p=9692"},"modified":"2024-03-29T01:52:45","modified_gmt":"2024-03-28T22:52:45","slug":"demre-kekova-myra-tour-from-alanya","status":"publish","type":"product","link":"https:\/\/rainbow07tour.com\/de\/urun\/demre-kekova-myra-tour-from-alanya\/","title":{"rendered":"Demre Kekova Myra-Tour ab Alanya"},"content":{"rendered":"<div class=\"header-ul\">\n<h3><img decoding=\"async\" class=\"rounded img-fluid float-sm-left mt-2 mr-sm-4 mb-2\" style=\"font-size: 16px;\" src=\"https:\/\/www.dailytoursinalanya.com\/Content\/images\/tours\/21\/thumb\/demre-kekova-myra-tour-from-alanya-7.webp\" alt=\"Demre Kekova Myra Tour From Alanya 2\" \/><\/h3>\n<p><strong>Kekova-Demre-Myra: Eine Reise durch die Zeit<\/strong><\/p>\n<p>Begeben Sie sich auf eine faszinierende Reise durch die reiche t\u00fcrkische Geschichte und erkunden Sie die antike Stadt Myra, die ehrw\u00fcrdige St.-Nikolaus-Kirche in Demre und die mystische versunkene Stadt in Kekova. Diese Tour verspricht nicht nur ein tiefes Eintauchen in die Vergangenheit, sondern auch eine bezaubernde Bootsfahrt \u00fcber die Ruinen, die im 2. Jahrhundert durch ein Erdbeben \u00fcberschwemmt wurden.<\/p>\n<p><strong>Erkundungen beginnen in Kekova<\/strong><\/p>\n<p>Ihr Abenteuer beginnt mit einer faszinierenden Bootsfahrt zur versunkenen Stadt Kekova, wo Sie die \u00dcberreste einer vom Meer verschluckten Zivilisation sehen. Die Reise geht weiter nach Myra, wo ein antikes griechisches Amphitheater und die in den Felsen gehauenen Gr\u00e4ber der lykischen Nekropole darauf warten, von Ihnen entdeckt zu werden.<\/p>\n<p><strong>St. Nikolaus: Die Legende lebt weiter<\/strong><\/p>\n<p>Erkunden Sie in Demre die Kirche des Heiligen Nikolaus, des Heiligen, der die Legende des Weihnachtsmanns inspirierte. Der als Bischof von Myra bekannte Heilige Nikolaus wird in verschiedenen Kulturen als Schutzpatron gefeiert und f\u00fcr seinen Schutz von Kindern, Seeleuten und Reisenden verehrt. Demre, das nach Zitrone und Orange duftet, wurde vom Heiligen Nikolaus als seine Heimat und letzte Ruhest\u00e4tte gew\u00e4hlt.<\/p>\n<p><strong>T\u00fcrkisfarbenes Wasser und antike Gr\u00e4ber<\/strong><\/p>\n<p>Nach einem genossenen Mittagessen segeln Sie vom Dorf Ucagiz zur malerischen Insel Kekova. Hier erkunden Sie die Unterwasserruinen der versunkenen Stadt und besuchen die bedeutende lykische Nekropole in Teimiussa. Es besteht die M\u00f6glichkeit zum Schwimmen und Schnorcheln. Denken Sie also daran, Ihren Badeanzug und Ihr Handtuch mitzubringen.<\/p>\n<p><strong>Reiseverlauf:<\/strong><\/p>\n<ul>\n<li>Hotelabholung und Fr\u00fchst\u00fcckspause in der N\u00e4he von Antalya<\/li>\n<li>Besuch der antiken Stadt, des Theaters und des Felsenfriedhofs in Myra<\/li>\n<li>Bootsfahrt zur versunkenen Stadt der Insel Kekova und Badepausen<\/li>\n<li>Mittagessen in Myra und Besuch der St.-Nikolaus-Kirche<\/li>\n<li>R\u00fcckfahrt mit Pause in der N\u00e4he von Antalya und anschlie\u00dfendem Transfer zum Hotel<\/li>\n<\/ul>\n<p><strong>Was ist inbegriffen:<\/strong><\/p>\n<ul>\n<li>Transfers und F\u00fchrung<\/li>\n<li>Bootsfahrt entlang der versunkenen Stadt Kekova<\/li>\n<li>Mittagessen und alle Eintrittsgelder (antike Stadt Myra und St.-Nikolaus-Museum)<\/li>\n<\/ul>\n<p><strong>Weitere Informationen:<\/strong><\/p>\n<ul>\n<li>Bringen Sie Badeanzug, Schuhe und Sonnenbrille f\u00fcr ein gem\u00fctliches Abenteuer mit.<\/li>\n<li>Die Bezahlung kann bar direkt bei unserem Reiseleiter im Bus erfolgen.<\/li>\n<\/ul>\n<p>Diese Tour ist eine perfekte Mischung aus Geschichte, Kultur und Natursch\u00f6nheit und bietet einen einzigartigen Einblick in die antike und mittelalterliche Welt der T\u00fcrkei. Begleiten Sie uns auf einer unvergesslichen Erkundung von Kekova, Demre und Myra, wo die Geschichte inmitten atemberaubender Landschaften lebendig wird.<\/p>\n<\/div>","protected":false},"excerpt":{"rendered":"<p>Kekova-Demre-Myra: A Journey Through Time Embark on a captivating journey that weaves through the rich tapestry of Turkish history, exploring the ancient city of Myra, the revered Church of St. Nicholas in Demre, and the mystical sunken city in Kekova. This tour promises not only a deep dive into the past but also an enchanting [&hellip;]<\/p>","protected":false},"featured_media":9694,"comment_status":"open","ping_status":"closed","template":"","meta":{"_monsterinsights_skip_tracking":false,"_monsterinsights_sitenote_active":false,"_monsterinsights_sitenote_note":"","_monsterinsights_sitenote_category":0},"product_cat":[87],"product_tag":[],"class_list":{"0":"post-9692","1":"product","2":"type-product","3":"status-publish","4":"has-post-thumbnail","6":"product_cat-demre-kekova-myra-tour-from-alanya","8":"first","9":"instock","10":"sale","11":"shipping-taxable","12":"purchasable","13":"product-type-ovabrw_car_rental"},"aioseo_notices":[],"_links":{"self":[{"href":"https:\/\/rainbow07tour.com\/de\/wp-json\/wp\/v2\/product\/9692","targetHints":{"allow":["GET"]}}],"collection":[{"href":"https:\/\/rainbow07tour.com\/de\/wp-json\/wp\/v2\/product"}],"about":[{"href":"https:\/\/rainbow07tour.com\/de\/wp-json\/wp\/v2\/types\/product"}],"replies":[{"embeddable":true,"href":"https:\/\/rainbow07tour.com\/de\/wp-json\/wp\/v2\/comments?post=9692"}],"wp:featuredmedia":[{"embeddable":true,"href":"https:\/\/rainbow07tour.com\/de\/wp-json\/wp\/v2\/media\/9694"}],"wp:attachment":[{"href":"https:\/\/rainbow07tour.com\/de\/wp-json\/wp\/v2\/media?parent=9692"}],"wp:term":[{"taxonomy":"product_cat","embeddable":true,"href":"https:\/\/rainbow07tour.com\/de\/wp-json\/wp\/v2\/product_cat?post=9692"},{"taxonomy":"product_tag","embeddable":true,"href":"https:\/\/rainbow07tour.com\/de\/wp-json\/wp\/v2\/product_tag?post=9692"}],"curies":[{"name":"wp","href":"https:\/\/api.w.org\/{rel}","templated":true}]}}