{"id":9697,"date":"2024-01-14T00:55:41","date_gmt":"2024-01-13T21:55:41","guid":{"rendered":"https:\/\/rainbow07tour.com\/?post_type=product&#038;p=9697"},"modified":"2024-03-29T01:51:32","modified_gmt":"2024-03-28T22:51:32","slug":"manavgat-waterfall-aspendos-side-tour-from-alanya","status":"publish","type":"product","link":"https:\/\/rainbow07tour.com\/de\/urun\/manavgat-waterfall-aspendos-side-tour-from-alanya\/","title":{"rendered":"Manavgat-Wasserfall-Aspendos-Nebentour ab Alanya"},"content":{"rendered":"<div class=\"header-ul\"><\/div>\n<div class=\"header-ul\">\n<h3><img decoding=\"async\" class=\"rounded img-fluid float-sm-left mt-2 mr-sm-4 mb-2\" style=\"font-size: 16px;\" src=\"https:\/\/www.dailytoursinalanya.com\/Content\/images\/tours\/23\/thumb\/aspendes-side-manavgat-waterfall-tour-19.webp\" alt=\"Manavgat Waterfall Aspendos Side Tour from Alanya 2\" \/><\/h3>\n<p><strong>Manavgat-Flusskreuzfahrt-Erlebnis<\/strong><\/p>\n<p>Begeben Sie sich mit der Manavgat-Flusskreuzfahrt auf eine ruhige Reise, die Natursch\u00f6nheiten mit kultureller Erkundung verbindet. Diese Tour l\u00e4dt Sie ein, den bezaubernden Manavgat-Wasserfall zu entdecken, etwa 3 Stunden lang auf dem ruhigen Wasser des Manavgat-Flusses zu kreuzen und bei Besuchen einer der gr\u00f6\u00dften Moscheen der Region und des gesch\u00e4ftigen Manavgat-Marktplatzes in die lokale Kultur einzutauchen.<\/p>\n<p><strong>Manavgat erkunden<\/strong><\/p>\n<p>Manavgat liegt 60 km von Alanya und 5 km von Side entfernt und ist f\u00fcr seinen malerischen Fluss und seinen bezaubernden Wasserfall bekannt. Die Tour beginnt mit einem Besuch des ber\u00fchmten Manavgat-Wasserfalls, wo Sie sich beim Klang des \u00fcber die Felsen rauschenden Wassers entspannen k\u00f6nnen. Obwohl der Wasserfall nicht riesig ist, beeindruckt er durch seine schiere Kraft und Sch\u00f6nheit.<\/p>\n<p><strong>Flusskreuzfahrt und mehr<\/strong><\/p>\n<p>Nach dem Besuch des Wasserfalls begeben Sie sich auf eine ruhige, dreist\u00fcndige Bootsfahrt in einem Holzboot auf dem Manavgat-Fluss. Erleben Sie den faszinierenden Zusammenfluss des kalten S\u00fc\u00dfwassers des Flusses mit dem warmen Salzwasser des Mittelmeers. Genie\u00dfen Sie ein k\u00f6stliches Mittagessen an Bord mit Unterhaltung und nutzen Sie die Gelegenheit, an Sandstr\u00e4nden zu sonnenbaden und im Fluss und im Meer zu schwimmen.<\/p>\n<p><strong>Kulturelle Einblicke<\/strong><\/p>\n<p>Die Reise endet mit einem Besuch einer der gr\u00f6\u00dften Moscheen der Region, die Einblicke in die \u00f6rtlichen religi\u00f6sen Br\u00e4uche bietet. Erkunden Sie anschlie\u00dfend den Manavgat-Markt, ein pulsierendes Zentrum, wo Sie Gem\u00fcse, Obst, Gew\u00fcrze, Trockenfr\u00fcchte, Kleidung und Souvenirs kaufen und dabei die Essenz des \u00f6rtlichen Lebens erleben k\u00f6nnen.<\/p>\n<p><strong>Was ist inbegriffen:<\/strong><\/p>\n<ul>\n<li>Transfers zum und vom Kreuzfahrtschiff<\/li>\n<li>Gef\u00fchrte Tour-Erfahrung<\/li>\n<li>Eintritt zum Manavgat-Wasserfall<\/li>\n<\/ul>\n<p><strong>Optionale Extras:<\/strong><\/p>\n<ul>\n<li>Getr\u00e4nke<\/li>\n<li>Fotos und DVD Ihres Erlebnisses<\/li>\n<\/ul>\n<p><strong>Zus\u00e4tzliche Informationen und Empfehlungen:<\/strong><\/p>\n<ul>\n<li>Die Manavgat-Tour wird besonders montags und donnerstags empfohlen, da sie mit den Markttagen zusammenf\u00e4llt und ein umfassenderes kulturelles Erlebnis bietet.<\/li>\n<li>Denken Sie daran, Ihren Badeanzug und Ihre Kamera mitzubringen, um die malerischen Landschaften und lebhaften Marktszenen einzufangen.<\/li>\n<\/ul>\n<p>Diese Manavgat-Flusskreuzfahrt bietet eine einzigartige Mischung aus Naturwundern und kulturellem Reichtum und sorgt f\u00fcr ein unvergessliches Erlebnis der atemberaubenden Landschaft der T\u00fcrkei und des lebhaften Geistes ihrer Menschen.<\/p>\n<\/div>\n<p><strong>Aspendos-Side-Manavgat-Wasserfall: Eine Reise durch die Geschichte<\/strong><\/p>\n<p>Entdecken Sie die reichhaltige Vielfalt arch\u00e4ologischer Wunder im S\u00fcden der T\u00fcrkei und die nat\u00fcrliche Sch\u00f6nheit der Wasserf\u00e4lle bei einer Tour, die Sie durch antike Ruinen und ruhige Landschaften in der N\u00e4he von Alanya f\u00fchrt. Diese Tour ist eine gro\u00dfartige Einf\u00fchrung in die historischen Juwelen von Aspendos, die antike Stadt Side und den malerischen Manavgat-Wasserfall.<\/p>\n<p><strong>Amphitheater von Aspendos<\/strong><\/p>\n<p>Beginnen Sie Ihre Erkundung im Amphitheater von Aspendos, einem antiken griechisch-r\u00f6mischen Bauwerk aus dem 2. Jahrhundert n. Chr. Es gilt als eines der besterhaltenen Theater der Antike, bietet Platz f\u00fcr 15.000 Zuschauer und wird noch heute genutzt. Bei seiner au\u00dfergew\u00f6hnlichen Akustik finden hier Auff\u00fchrungen, Opern und Ballette statt.<\/p>\n<p><strong>Side: Eine Stadt der Ruinen und der Romantik<\/strong><\/p>\n<p>Entdecken Sie als n\u00e4chstes Side, einst ein gesch\u00e4ftiger r\u00f6mischer Hafen und heute eine moderne Stadt voller Ruinen. Sides Geschichte, die bis ins 2. Jahrhundert n. Chr. zur\u00fcckreicht, ist reich an Romantik und insbesondere ein Geschenk von Marcus Antonius an Kleopatra. Erkunden Sie das Amphitheater, den Apollontempel, die Nekropole und den alten Marktplatz (Agora) und nutzen Sie die Gelegenheit, in den \u00f6rtlichen Boutiquen einzukaufen.<\/p>\n<p><strong>Manavgat-Wasserfall: Nat\u00fcrliche Pracht<\/strong><\/p>\n<p>Beenden Sie Ihre Reise am ber\u00fchmten Manavgat-Wasserfall, einem der meistfotografierten Orte der T\u00fcrkei. Obwohl der Wasserfall nicht sehr hoch ist, beeindruckt er mit seinem wei\u00dfen, sch\u00e4umenden Wasser, das \u00fcber Felsen st\u00fcrzt. Im Hintergrund befindet sich ein ruhiger Teegarten, der den perfekten Ort zum Entspannen bietet.<\/p>\n<p><strong>H\u00f6hepunkte der Tour:<\/strong><\/p>\n<ul>\n<li><strong>Hoteltransfers<\/strong>: Bequeme Abholung und R\u00fcckgabe von Ihrem Hotel.<\/li>\n<li><strong>F\u00fchrung<\/strong>: Fachkundige F\u00fchrung durch jede St\u00e4tte, die Ihr Erlebnis mit historischen Einblicken bereichert.<\/li>\n<li><strong>Mittagessen<\/strong>: Genie\u00dfen Sie ein k\u00f6stliches Mittagessen in der N\u00e4he des Manavgat-Flusses.<\/li>\n<li><strong>Eintrittspreise<\/strong>: Alle Eintrittsgeb\u00fchren zu den St\u00e4tten sind abgedeckt.<\/li>\n<\/ul>\n<p><strong>Weitere Informationen:<\/strong><\/p>\n<ul>\n<li>Wir empfehlen Ihnen dringend, eine Kamera mitzubringen, um die Sch\u00f6nheit dieser Sehensw\u00fcrdigkeiten einzufangen.<\/li>\n<li>Wenn Sie den Duden-Wasserfall lieber besuchen m\u00f6chten als Manavgat, k\u00f6nnen wir Ihnen bei der Reservierung gerne entgegenkommen.<\/li>\n<\/ul>\n<p>Diese Tour ist eine Einladung f\u00fcr alle, die eine Leidenschaft f\u00fcr Geschichte, Arch\u00e4ologie und Natur haben. Sie bietet einen umfassenden Einblick in die antiken und nat\u00fcrlichen Wunder rund um Alanya. Ob Sie von den Geschichten antiker Zivilisationen oder der beruhigenden Pr\u00e4senz nat\u00fcrlicher Landschaften fasziniert sind, diese Tour verspricht einen bereichernden Tag voller Entdeckungen.<\/p>","protected":false},"excerpt":{"rendered":"<p>Manavgat River Cruise Experience Embark on a serene journey with the Manavgat River Cruise, blending natural beauty with cultural exploration. This tour invites you to discover the enchanting Manavgat Waterfall, cruise the tranquil waters of the Manavgat River for about 3 hours, and delve into the local culture with visits to one of the region&#8217;s [&hellip;]<\/p>","protected":false},"featured_media":9698,"comment_status":"open","ping_status":"closed","template":"","meta":{"_monsterinsights_skip_tracking":false,"_monsterinsights_sitenote_active":false,"_monsterinsights_sitenote_note":"","_monsterinsights_sitenote_category":0},"product_cat":[88],"product_tag":[],"class_list":{"0":"post-9697","1":"product","2":"type-product","3":"status-publish","4":"has-post-thumbnail","6":"product_cat-manavgat-waterfall-aspendos-side-tour-from-alanya","8":"first","9":"instock","10":"sale","11":"shipping-taxable","12":"purchasable","13":"product-type-ovabrw_car_rental"},"aioseo_notices":[],"_links":{"self":[{"href":"https:\/\/rainbow07tour.com\/de\/wp-json\/wp\/v2\/product\/9697","targetHints":{"allow":["GET"]}}],"collection":[{"href":"https:\/\/rainbow07tour.com\/de\/wp-json\/wp\/v2\/product"}],"about":[{"href":"https:\/\/rainbow07tour.com\/de\/wp-json\/wp\/v2\/types\/product"}],"replies":[{"embeddable":true,"href":"https:\/\/rainbow07tour.com\/de\/wp-json\/wp\/v2\/comments?post=9697"}],"wp:featuredmedia":[{"embeddable":true,"href":"https:\/\/rainbow07tour.com\/de\/wp-json\/wp\/v2\/media\/9698"}],"wp:attachment":[{"href":"https:\/\/rainbow07tour.com\/de\/wp-json\/wp\/v2\/media?parent=9697"}],"wp:term":[{"taxonomy":"product_cat","embeddable":true,"href":"https:\/\/rainbow07tour.com\/de\/wp-json\/wp\/v2\/product_cat?post=9697"},{"taxonomy":"product_tag","embeddable":true,"href":"https:\/\/rainbow07tour.com\/de\/wp-json\/wp\/v2\/product_tag?post=9697"}],"curies":[{"name":"wp","href":"https:\/\/api.w.org\/{rel}","templated":true}]}}