{"id":9717,"date":"2024-01-14T01:32:37","date_gmt":"2024-01-13T22:32:37","guid":{"rendered":"https:\/\/rainbow07tour.com\/?post_type=product&#038;p=9717"},"modified":"2024-03-29T01:59:40","modified_gmt":"2024-03-28T22:59:40","slug":"alanya-dolphin-show","status":"publish","type":"product","link":"https:\/\/rainbow07tour.com\/de\/urun\/alanya-dolphin-show\/","title":{"rendered":"Alanya-Delfinshow"},"content":{"rendered":"<div class=\"header-ul\"><\/div>\n<div class=\"header-ul\">\n<h3><img decoding=\"async\" class=\"rounded img-fluid float-sm-left mt-2 mr-sm-4 mb-2\" style=\"font-size: 16px;\" src=\"https:\/\/www.dailytoursinalanya.com\/Content\/images\/tours\/16\/thumb\/alanya-dolphin-show-9.webp\" alt=\"Alanya Dolphin Show 2\" \/><\/h3>\n<p><strong>Spektakul\u00e4re Delfinshow im Sea Alanya Dolphin Park<\/strong><\/p>\n<p>Tauchen Sie ein in eine Welt voller Wasserwunder und besuchen Sie den Sea Alanya Dolphin Park, den gr\u00f6\u00dften Delfinpark Europas. Nutzen Sie die Gelegenheit, die Anmut und Intelligenz dieser gro\u00dfartigen Kreaturen in einer spektakul\u00e4ren Show zu erleben, die Zuschauer jeden Alters fesseln und begeistern wird. Egal, ob Sie sich einen Lebenstraum erf\u00fcllen oder einfach nur ein unvergessliches Erlebnis w\u00e4hrend Ihres Urlaubs suchen, die Delfinshow im Sea Alanya d\u00fcrfen Sie nicht verpassen.<\/p>\n<p><strong>Erleben Sie die Magie der Delfine<\/strong><\/p>\n<p>W\u00e4hrend der Show werden Sie von den erstaunlichen Darbietungen der Delfine begeistert sein, die ihre unglaubliche Beweglichkeit, Intelligenz und ihr freundliches Wesen zur Schau stellen. Diese wundersch\u00f6nen S\u00e4ugetiere haben eine einzigartige Art, mit Menschen in Kontakt zu treten, Herzen zu ber\u00fchren und Momente der Freude und des Staunens zu schaffen.<\/p>\n<p><strong>Werde Teil der Dolphins<\/strong><\/p>\n<p>Wer den Delfinen noch n\u00e4her kommen m\u00f6chte, kann im Park das einmalige Erlebnis des Schwimmens mit ihnen genie\u00dfen. Gegen eine zus\u00e4tzliche Geb\u00fchr k\u00f6nnen Sie in das Becken eintauchen und neben diesen freundlichen Tieren schwimmen. Dieses Erlebnis verspricht sowohl aufregend als auch herzerw\u00e4rmend zu sein.<\/p>\n<p><strong>Betriebstage:<\/strong><\/p>\n<p>Die Delfinshows finden t\u00e4glich statt, mit jeweils zwei Vorstellungen pro Tag. So besteht reichlich Gelegenheit, dieses spektakul\u00e4re Schauspiel mitzuerleben.<\/p>\n<p><strong>Was ist inbegriffen:<\/strong><\/p>\n<ul>\n<li>Abhol- und Bringservice vom Hotel f\u00fcr einfachen Zugang zum und vom Park.<\/li>\n<li>Professionelle Anleitung zur Verbesserung Ihres Erlebnisses.<\/li>\n<li>Eine einst\u00fcndige Delfinshow, die die Sch\u00f6nheit und Intelligenz der Delfine zeigt.<\/li>\n<\/ul>\n<p><strong>Optionale Extras:<\/strong><\/p>\n<ul>\n<li>Pers\u00f6nliche Ausgaben wie Getr\u00e4nke und Essen im Park.<\/li>\n<li>Die M\u00f6glichkeit, 30 Minuten lang mit Delfinen zu schwimmen (120 \u20ac).<\/li>\n<li>Erinnerungsfotos mit den Delfinen, die Ihre besonderen Momente festhalten.<\/li>\n<\/ul>\n<p><strong>Weitere Informationen:<\/strong><\/p>\n<ul>\n<li>F\u00fcr Kinder im Alter von 4\u20139 Jahren gelten erm\u00e4\u00dfigte Preise, Kinder unter 3 Jahren haben freien Eintritt.<\/li>\n<li>Kindern unter 3 Jahren ist das Schwimmen mit Delfinen nicht gestattet und Kinder im Alter von 4 bis 6 Jahren m\u00fcssen im Wasser von einem Erwachsenen begleitet werden.<\/li>\n<li>Um Ihren Platz zu sichern, empfiehlt sich insbesondere w\u00e4hrend der Hochsaison eine fr\u00fchzeitige Buchung der Schwimmkurse.<\/li>\n<li>Die Bezahlung der Tour sowie aller optionalen Extras kann bar direkt bei unserem Reiseleiter im Bus erfolgen.<\/li>\n<\/ul>\n<p>Bereiten Sie sich auf einen unvergesslichen Tag im Sea Alanya Dolphin Park vor, wo Sie die Magie der Delfinvorf\u00fchrungen und das Vergn\u00fcgen beim Schwimmen mit diesen bezaubernden Kreaturen erwarten.<\/p>\n<\/div>","protected":false},"excerpt":{"rendered":"<p>Dolphin Show Extravaganza at Sea Alanya Dolphin Park Dive into a world of aquatic wonder with a visit to Sea Alanya Dolphin Park, the largest dolphin park in Europe. Embrace the opportunity to witness the grace and intelligence of these magnificent creatures in a spectacular show that promises to captivate and delight audiences of all [&hellip;]<\/p>","protected":false},"featured_media":9719,"comment_status":"open","ping_status":"closed","template":"","meta":{"_monsterinsights_skip_tracking":false,"_monsterinsights_sitenote_active":false,"_monsterinsights_sitenote_note":"","_monsterinsights_sitenote_category":0},"product_cat":[91],"product_tag":[],"class_list":{"0":"post-9717","1":"product","2":"type-product","3":"status-publish","4":"has-post-thumbnail","6":"product_cat-alanya-dolphin-show","8":"first","9":"instock","10":"sale","11":"shipping-taxable","12":"purchasable","13":"product-type-ovabrw_car_rental"},"aioseo_notices":[],"_links":{"self":[{"href":"https:\/\/rainbow07tour.com\/de\/wp-json\/wp\/v2\/product\/9717","targetHints":{"allow":["GET"]}}],"collection":[{"href":"https:\/\/rainbow07tour.com\/de\/wp-json\/wp\/v2\/product"}],"about":[{"href":"https:\/\/rainbow07tour.com\/de\/wp-json\/wp\/v2\/types\/product"}],"replies":[{"embeddable":true,"href":"https:\/\/rainbow07tour.com\/de\/wp-json\/wp\/v2\/comments?post=9717"}],"wp:featuredmedia":[{"embeddable":true,"href":"https:\/\/rainbow07tour.com\/de\/wp-json\/wp\/v2\/media\/9719"}],"wp:attachment":[{"href":"https:\/\/rainbow07tour.com\/de\/wp-json\/wp\/v2\/media?parent=9717"}],"wp:term":[{"taxonomy":"product_cat","embeddable":true,"href":"https:\/\/rainbow07tour.com\/de\/wp-json\/wp\/v2\/product_cat?post=9717"},{"taxonomy":"product_tag","embeddable":true,"href":"https:\/\/rainbow07tour.com\/de\/wp-json\/wp\/v2\/product_tag?post=9717"}],"curies":[{"name":"wp","href":"https:\/\/api.w.org\/{rel}","templated":true}]}}