{"id":9722,"date":"2024-01-14T02:06:06","date_gmt":"2024-01-13T23:06:06","guid":{"rendered":"https:\/\/rainbow07tour.com\/?post_type=product&#038;p=9722"},"modified":"2024-03-29T01:44:43","modified_gmt":"2024-03-28T22:44:43","slug":"alanya-city-tour","status":"publish","type":"product","link":"https:\/\/rainbow07tour.com\/de\/urun\/alanya-city-tour\/","title":{"rendered":"Alanya-Stadtrundfahrt"},"content":{"rendered":"<div class=\"header-ul\"><\/div>\n<div class=\"header-ul\">\n<h3><img decoding=\"async\" class=\"rounded img-fluid float-sm-left mt-2 mr-sm-4 mb-2\" style=\"font-size: 16px;\" src=\"https:\/\/www.dailytoursinalanya.com\/Content\/images\/tours\/13\/thumb\/alanya-city-tour-8.webp\" alt=\"Alanya City Tour 2\" \/><\/h3>\n<\/div>\n<div class=\"content-text\">\n<p><strong>Entdecken Sie die Stadtrundfahrt durch Alanya<\/strong><\/p>\n<p>Begeben Sie sich auf eine faszinierende Reise durch Alanya an Bord des ikonischen roten Doppeldeckerbusses, der mit offenem Dach f\u00fcr einen Panoramablick ausgestattet ist. Diese neu zusammengestellte Stadtrundfahrt l\u00e4dt Sie ein, die reiche Vielfalt der Geschichte, Kultur und atemberaubenden Landschaften Alanyas zu erkunden. Von alten Piratenfestungen und nat\u00fcrlichen H\u00f6hlen bis hin zum unber\u00fchrten Kleopatra-Strand bietet diese Tour einen umfassenden Einblick in das Herz Alanyas.<\/p>\n<p><strong>H\u00f6hepunkte der Tour<\/strong><\/p>\n<ul>\n<li><strong>Alte Piratenfestung<\/strong>: Begeben Sie sich auf eine Reise in die Vergangenheit und besuchen Sie Alanyas alte Piratenfestung, wo Geschichten von See\u00fcberf\u00e4llen und Sch\u00e4tzen lebendig werden.<\/li>\n<li><strong>Damlata\u015f-H\u00f6hle (\u201eSteintropfen\u201c)<\/strong>: Bewundern Sie die nat\u00fcrliche Sch\u00f6nheit der Damlata\u015f-H\u00f6hle, die f\u00fcr ihre Stalaktiten und Stalagmiten bekannt ist.<\/li>\n<li><strong>Kleopatra-Strand<\/strong>: Genie\u00dfen Sie Ihre Freizeit am goldenen Sand des ber\u00fchmten Kleopatra-Strandes, der sich perfekt zum Sonnenbaden und einem erfrischenden Bad im Meer eignet.<\/li>\n<li><strong>Panoramablick<\/strong>: Genie\u00dfen Sie vom h\u00f6chsten Aussichtspunkt Alanya das atemberaubende Panorama der Stadt und ihrer Umgebung.<\/li>\n<li><strong>Dorfmoschee<\/strong>: Gewinnen Sie Einblicke in muslimische Br\u00e4uche und Traditionen bei einem Besuch einer \u00f6rtlichen Dorfmoschee.<\/li>\n<li><strong>Obstplantage<\/strong>: Spazieren Sie durch eine bl\u00fchende Obstplantage und erleben Sie die lokale Landwirtschaft aus erster Hand.<\/li>\n<li><strong>Mittagessen im River Smoke-Tea<\/strong>: Genie\u00dfen Sie ein k\u00f6stliches Mittagessen in einem Restaurant am Flussufer und erfrischen Sie sich anschlie\u00dfend in einem Gebirgsbach oder Pool. Der Veranstaltungsort verf\u00fcgt au\u00dferdem \u00fcber einen luxuri\u00f6sen Wasserpark.<\/li>\n<li><strong>Fotostopp am Dim\u00e7ay-Damm<\/strong>: Genie\u00dfen Sie vom Dim\u00e7ay-Staudamm aus die atemberaubende Aussicht auf das Taurusgebirge und einen Bergsee.<\/li>\n<\/ul>\n<p><strong>Was ist inbegriffen:<\/strong><\/p>\n<ul>\n<li>Hoteltransfers<\/li>\n<li>Mittagessen am Fluss Dim in einem malerischen Restaurant<\/li>\n<li>Eine malerische Fahrt zur Aussichtsplattform auf 350 Metern \u00fcber dem Meeresspiegel<\/li>\n<li>Eine aktive Erkundung der Piratenfestung<\/li>\n<li>Ein optionaler Besuch der Damlatas-H\u00f6hlen (zus\u00e4tzliche Geb\u00fchr von $3)<\/li>\n<li>Entspannungszeit am Fluss Smoke-Tea<\/li>\n<\/ul>\n<p><strong>Zus\u00e4tzliche Informationen und Empfehlungen:<\/strong><\/p>\n<ul>\n<li>Bringen Sie eine Kamera mit, um die malerische Aussicht und unvergessliche Momente festzuhalten.<\/li>\n<li>F\u00fcr diejenigen, die am Strand oder im Fluss schwimmen m\u00f6chten, wird ein Badeanzug empfohlen.<\/li>\n<li>Bitte beachten Sie, dass Getr\u00e4nke nicht im Tourpaket enthalten sind.<\/li>\n<\/ul>\n<p>Diese Alanya-Stadtrundfahrt bietet eine bereichernde Mischung aus historischer Erkundung, kulturellem Eintauchen und nat\u00fcrlicher Sch\u00f6nheit, und das alles in Begleitung englischsprachiger Reiseleiter. Es ist eine ideale M\u00f6glichkeit, das Wesen von Alanya kennenzulernen und kommt sowohl Geschichtsinteressierten als auch Naturliebhabern entgegen.<\/p>\n<\/div>","protected":false},"excerpt":{"rendered":"<p>Discover Alanya City Tour Embark on a captivating journey through Alanya aboard the iconic red double-decker bus, complete with an open top for panoramic viewing. This newly curated city tour invites you to explore the rich tapestry of Alanya&#8217;s history, culture, and stunning landscapes. From ancient pirate fortresses and natural caves to the pristine Cleopatra [&hellip;]<\/p>","protected":false},"featured_media":9725,"comment_status":"open","ping_status":"closed","template":"","meta":{"_monsterinsights_skip_tracking":false,"_monsterinsights_sitenote_active":false,"_monsterinsights_sitenote_note":"","_monsterinsights_sitenote_category":0},"product_cat":[92],"product_tag":[],"class_list":{"0":"post-9722","1":"product","2":"type-product","3":"status-publish","4":"has-post-thumbnail","6":"product_cat-alanya-city-tour","8":"first","9":"instock","10":"sale","11":"shipping-taxable","12":"purchasable","13":"product-type-ovabrw_car_rental"},"aioseo_notices":[],"_links":{"self":[{"href":"https:\/\/rainbow07tour.com\/de\/wp-json\/wp\/v2\/product\/9722","targetHints":{"allow":["GET"]}}],"collection":[{"href":"https:\/\/rainbow07tour.com\/de\/wp-json\/wp\/v2\/product"}],"about":[{"href":"https:\/\/rainbow07tour.com\/de\/wp-json\/wp\/v2\/types\/product"}],"replies":[{"embeddable":true,"href":"https:\/\/rainbow07tour.com\/de\/wp-json\/wp\/v2\/comments?post=9722"}],"wp:featuredmedia":[{"embeddable":true,"href":"https:\/\/rainbow07tour.com\/de\/wp-json\/wp\/v2\/media\/9725"}],"wp:attachment":[{"href":"https:\/\/rainbow07tour.com\/de\/wp-json\/wp\/v2\/media?parent=9722"}],"wp:term":[{"taxonomy":"product_cat","embeddable":true,"href":"https:\/\/rainbow07tour.com\/de\/wp-json\/wp\/v2\/product_cat?post=9722"},{"taxonomy":"product_tag","embeddable":true,"href":"https:\/\/rainbow07tour.com\/de\/wp-json\/wp\/v2\/product_tag?post=9722"}],"curies":[{"name":"wp","href":"https:\/\/api.w.org\/{rel}","templated":true}]}}