{"id":9737,"date":"2024-01-14T21:03:58","date_gmt":"2024-01-14T18:03:58","guid":{"rendered":"https:\/\/rainbow07tour.com\/?post_type=product&#038;p=9737"},"modified":"2024-03-29T01:54:37","modified_gmt":"2024-03-28T22:54:37","slug":"pamukkale-tour-from-alanya","status":"publish","type":"product","link":"https:\/\/rainbow07tour.com\/de\/urun\/pamukkale-tour-from-alanya\/","title":{"rendered":"Pamukkale-Tour ab Alanya"},"content":{"rendered":"<p><strong>Pamukkale: 2-t\u00e4giger Thermalausflug<\/strong><\/p>\n<p>Begeben Sie sich auf eine zweit\u00e4gige Reise nach Pamukkale und Hierapolis, eine der \u00e4ltesten Thermalst\u00e4dte der Welt und UNESCO-Weltkulturerbe, bekannt f\u00fcr ihr heilendes Thermalwasser und ihre atemberaubenden wei\u00dfen Travertinterrassen. Diese unvergessliche Tour bietet eine Mischung aus Naturwundern, antiker Geschichte und der therapeutischen Wirkung mineralreichen Wassers und l\u00e4dt Sie ein, in eine Landschaft purer Sch\u00f6nheit und Wellness einzutreten.<\/p>\n<p><strong>Entdecken Sie das Cotton Castle<\/strong><\/p>\n<p>Pamukkale, was auf T\u00fcrkisch \u201eBaumwollschloss\u201c bedeutet, ist ber\u00fchmt f\u00fcr seine hei\u00dfen Quellen und Terrassen aus Karbonatmineralien, die von flie\u00dfendem Wasser hinterlassen wurden. Der Ort liegt in der Provinz Denizli, etwa 300 km von Alanya entfernt, und zieht seit Jahrhunderten Besucher wegen seiner gesundheitlichen Vorteile und spektakul\u00e4ren Landschaft an. Das Thermalwasser, das im Durchschnitt etwa 30 Grad Celsius hat, ist f\u00fcr seine heilenden Eigenschaften bekannt.<\/p>\n<p><strong>H\u00f6hepunkte der Tour<\/strong><\/p>\n<p><strong>Tag 1:<\/strong><\/p>\n<ul>\n<li>Abholung vom Hotel und malerische Fahrt \u00fcber das Taurusgebirge mit einem Fr\u00fchst\u00fccksstopp in Korkuteli.<\/li>\n<li>Panoramapause in der Stadt Denizli vor dem Mittagessen.<\/li>\n<li>Erkundung der Kalksteinterrassen von Pamukkale und der antiken Stadt Hierapolis.<\/li>\n<li>Besuch des Kleopatrabades mit anschlie\u00dfendem Abendessen und \u00dcbernachtung.<\/li>\n<\/ul>\n<p><strong>Tag 2:<\/strong><\/p>\n<ul>\n<li>Fr\u00fchst\u00fcck im Hotel, dann Abfahrt zu weiteren Erkundungen.<\/li>\n<li>Besuche der Red Water-Quellen, einer \u00f6rtlichen Dorfmoschee und einer Teppichwerkstatt, in der traditionelle t\u00fcrkische Webkunst vorgef\u00fchrt wird.<\/li>\n<li>Mittagessen, gefolgt von einer Panoramapause in Antalya, bevor Sie zu Ihrem Hotel zur\u00fcckkehren.<\/li>\n<\/ul>\n<p><strong>Was ist inbegriffen:<\/strong><\/p>\n<ul>\n<li>S\u00e4mtliche Transfers und \u00dcbernachtung im 3-Sterne-Thermenhotel mit Halbpension (Fr\u00fchst\u00fcck und Abendessen).<\/li>\n<li>Professionelle Beratung in Englisch, Deutsch und Russisch.<\/li>\n<li>Eingang zu den Travertinen von Pamukkale.<\/li>\n<\/ul>\n<p><strong>Optionale Extras:<\/strong><\/p>\n<ul>\n<li>Zwei Mittagessen und Getr\u00e4nke im Hotel sowie Mahlzeiten.<\/li>\n<li>Eintritt zu Cleopatras Pool und Red Water (optional).<\/li>\n<\/ul>\n<p><strong>Weitere Informationen:<\/strong><\/p>\n<ul>\n<li>Unser Tourpreis beinhaltet den Eintritt zu den Terrassen von Pamukkale. Zus\u00e4tzliche Geb\u00fchren fallen nur f\u00fcr Mittagessen, Getr\u00e4nke und optionale Eintrittspreise an, sodass es keine \u00dcberraschungen bei den Kosten gibt.<\/li>\n<li>Die Bezahlung kann in bar direkt bei unserem Reiseleiter im Bus erfolgen.<\/li>\n<\/ul>\n<p>Diese Tour l\u00e4sst Sie nicht nur in die bezaubernde Sch\u00f6nheit der Naturlandschaften von Pamukkale eintauchen, sondern nimmt Sie auch mit auf eine historische Reise durch das antike Hierapolis. Genie\u00dfen Sie die therapeutische Wirkung des Thermalwassers und erkunden Sie das reiche kulturelle Erbe dieser einzigartigen Region.<\/p>\n<p>&nbsp;<\/p>\n<p><strong>Pamukkale Tagesausflug<\/strong><\/p>\n<p>Tauchen Sie auf einer umfassenden Tagestour in die Pracht von Pamukkale ein, wo Antike und Natur in einer atemberaubenden Darstellung von Geschichte und Sch\u00f6nheit aufeinandertreffen. Pamukkale, auch \u201eBaumwollschloss\u201c genannt, ist f\u00fcr sein Thermalwasser und seine wei\u00dfen Travertinterrassen bekannt und bietet eine einzigartige Gelegenheit, eine der au\u00dfergew\u00f6hnlichsten St\u00e4tten der T\u00fcrkei in Kombination mit der antiken Stadt Hierapolis zu erkunden.<\/p>\n<p><strong>Reise durch die antike Wellnesswelt<\/strong><\/p>\n<p><strong>Route:<\/strong><\/p>\n<ul>\n<li>Ihr Tag beginnt mit der Abholung vom Hotel, gefolgt von einer entspannenden Fr\u00fchst\u00fcckspause.<\/li>\n<li>Erleben Sie die lokale Kultur bei einem Besuch einer Dorfmoschee.<\/li>\n<li>Genie\u00dfen Sie das Mittagessen in einem traditionellen Restaurant, bevor Sie in Richtung Pamukkale aufbrechen und durch die malerische Stadt Denizli fahren.<\/li>\n<li>Erkunden Sie die atemberaubenden Kalksteinterrassen von Pamukkale, ein Naturwunder und UNESCO-Weltkulturerbe.<\/li>\n<li>Tauchen Sie bei einem Besuch der antiken Stadt Hierapolis und ihrer Nekropole in die Geschichte ein, entdecken Sie die Ruinen und erfahren Sie mehr \u00fcber ihre historische Bedeutung.<\/li>\n<li>Auf der R\u00fcckfahrt besuchen Sie die Stadt Tavas und halten an einem Teppichwebstuhl, wo traditionelles t\u00fcrkisches Kunsthandwerk pr\u00e4sentiert wird.<\/li>\n<li>Beenden Sie den Tag mit einem Abendessen auf der R\u00fcckfahrt nach Antalya \u00fcber das Taurusgebirge, bevor Sie gegen Mitternacht zu Ihrem Hotel zur\u00fcckgebracht werden.<\/li>\n<\/ul>\n<p><strong>Was ist inbegriffen:<\/strong><\/p>\n<ul>\n<li>Transfers von und zu Ihrem Hotel.<\/li>\n<li>Fachkundige Beratung in Englisch, Deutsch, Polnisch und Russisch.<\/li>\n<li>Mahlzeiten inklusive Mittag- und Abendessen sowie Eintritt nach Pamukkale.<\/li>\n<\/ul>\n<p><strong>Optionale Extras:<\/strong><\/p>\n<ul>\n<li>Die M\u00f6glichkeit, im Kleopatra-Thermalbecken (10 \u20ac) und in den Rotwasserquellen zu schwimmen.<\/li>\n<\/ul>\n<p><strong>Weitere Informationen:<\/strong><\/p>\n<ul>\n<li>Die Bezahlung der Tour kann bar direkt bei unserem Reiseleiter im Bus erfolgen.<\/li>\n<li>Unser Paket beinhaltet alles, was Sie f\u00fcr einen unvergesslichen Tag in Pamukkale brauchen. Alle zus\u00e4tzlichen Kosten beschr\u00e4nken sich auf Getr\u00e4nke und optionale Extras, sodass es keine \u00dcberraschungen gibt.<\/li>\n<\/ul>\n<p>Diese Tagestour nach Pamukkale bietet eine bereichernde Mischung aus nat\u00fcrlicher Sch\u00f6nheit und antiker Geschichte, ideal f\u00fcr Reisende, die in das reiche Kulturerbe und die malerischen Landschaften der T\u00fcrkei eintauchen m\u00f6chten.<\/p>","protected":false},"excerpt":{"rendered":"<p>Pamukkale 2-Day Thermal Escape Embark on a two-day journey to Pamukkale and Hierapolis, one of the world&#8217;s oldest thermal cities and a UNESCO World Heritage site, known for its healing thermal waters and stunning white travertine terraces. This unforgettable tour offers a blend of natural wonders, ancient history, and the therapeutic powers of mineral-rich waters, [&hellip;]<\/p>","protected":false},"featured_media":9739,"comment_status":"open","ping_status":"closed","template":"","meta":{"_monsterinsights_skip_tracking":false,"_monsterinsights_sitenote_active":false,"_monsterinsights_sitenote_note":"","_monsterinsights_sitenote_category":0},"product_cat":[95],"product_tag":[],"class_list":{"0":"post-9737","1":"product","2":"type-product","3":"status-publish","4":"has-post-thumbnail","6":"product_cat-pamukkale-tour-from-alanya","8":"first","9":"instock","10":"sale","11":"shipping-taxable","12":"purchasable","13":"product-type-ovabrw_car_rental"},"aioseo_notices":[],"_links":{"self":[{"href":"https:\/\/rainbow07tour.com\/de\/wp-json\/wp\/v2\/product\/9737","targetHints":{"allow":["GET"]}}],"collection":[{"href":"https:\/\/rainbow07tour.com\/de\/wp-json\/wp\/v2\/product"}],"about":[{"href":"https:\/\/rainbow07tour.com\/de\/wp-json\/wp\/v2\/types\/product"}],"replies":[{"embeddable":true,"href":"https:\/\/rainbow07tour.com\/de\/wp-json\/wp\/v2\/comments?post=9737"}],"wp:featuredmedia":[{"embeddable":true,"href":"https:\/\/rainbow07tour.com\/de\/wp-json\/wp\/v2\/media\/9739"}],"wp:attachment":[{"href":"https:\/\/rainbow07tour.com\/de\/wp-json\/wp\/v2\/media?parent=9737"}],"wp:term":[{"taxonomy":"product_cat","embeddable":true,"href":"https:\/\/rainbow07tour.com\/de\/wp-json\/wp\/v2\/product_cat?post=9737"},{"taxonomy":"product_tag","embeddable":true,"href":"https:\/\/rainbow07tour.com\/de\/wp-json\/wp\/v2\/product_tag?post=9737"}],"curies":[{"name":"wp","href":"https:\/\/api.w.org\/{rel}","templated":true}]}}