{"id":9743,"date":"2024-01-14T21:10:28","date_gmt":"2024-01-14T18:10:28","guid":{"rendered":"https:\/\/rainbow07tour.com\/?post_type=product&#038;p=9743"},"modified":"2025-09-12T12:39:39","modified_gmt":"2025-09-12T09:39:39","slug":"cappadocia-tour-from-alanya","status":"publish","type":"product","link":"https:\/\/rainbow07tour.com\/de\/urun\/cappadocia-tour-from-alanya\/","title":{"rendered":"Kappadokien-Tour ab Alanya"},"content":{"rendered":"<div class=\"header-ul\"><\/div>\n<div class=\"header-ul\">\n<h3><img decoding=\"async\" class=\"rounded img-fluid float-sm-left mt-2 mr-sm-4 mb-2\" style=\"font-size: 16px;\" src=\"https:\/\/www.dailytoursinalanya.com\/Content\/images\/tours\/42\/thumb\/cappadocia-tour-from-alanya-14.webp\" alt=\"Cappadocia Tour from Alanya 2\" \/><\/h3>\n<p><strong>Kappadokien: 3-t\u00e4gige kulturelle Expedition<\/strong><\/p>\n<p>Begeben Sie sich auf eine faszinierende dreit\u00e4gige Tour von Alanya nach Kappadokien, einem Ort voller Naturwunder und reicher Geschichte, etwa 500 km von Alanya entfernt. Diese Tour kombiniert kulturelles Eintauchen mit der Erkundung der einzigartigen geologischen Formationen, alten unterirdischen St\u00e4dte und bedeutenden historischen St\u00e4tten der Region, inklusive zwei \u00dcbernachtungen.<\/p>\n<p><strong>Entdecken Sie das Herz Anatoliens<\/strong><\/p>\n<p>Kappadokien ist bekannt f\u00fcr seine m\u00e4rchenhafte Landschaft, die durch Vulkanausbr\u00fcche und Erosion geformt wurde und Kaminfelsen und einzigartige Felsformationen hervorbrachte. Es war eine Wiege der Zivilisation und Heimat der Assyrer, Hethiter, Perser, Byzantiner, Seldschuken und Osmanen. Die lange Geschichte der Region ist auch von fr\u00fchen Christen gepr\u00e4gt, die in ihrem ausgedehnten Netzwerk unterirdischer St\u00e4dte Zuflucht suchten, um der r\u00f6mischen Verfolgung zu entgehen.<\/p>\n<p><strong>H\u00f6hepunkte der Reiseroute<\/strong><\/p>\n<p><strong>Tag 1:<\/strong><\/p>\n<ul>\n<li>Abfahrt von Alanya mit einer malerischen Fahrt durch das Taurusgebirge.<\/li>\n<li>Besuchen Sie das Mevlana-Museum und das Mevlana-Mausoleum in Konya, der Heimat der tanzenden Derwische.<\/li>\n<li>Erkunden Sie die Sultanhani-Karawanserei und die unterirdische Stadt Saratli Kirkg\u00f6z.<\/li>\n<li>Checken Sie f\u00fcr die Nacht in Ihrem Hotel in Kappadokien ein.<\/li>\n<\/ul>\n<p><strong>Tag 2:<\/strong><\/p>\n<ul>\n<li>Ein ganzer Tag voller Erkundungen in Kappadokien, einschlie\u00dflich des Devrent-Tals, des Pasabag-Tals, des Freilichtmuseums G\u00f6reme und der Stadt G\u00f6reme.<\/li>\n<li>Besuchen Sie das Dorf Cavusin mit optionaler Abendunterhaltung wie einer tanzenden Derwisch-Show oder einer t\u00fcrkischen Nachtshow.<\/li>\n<\/ul>\n<p><strong>Tag 3:<\/strong><\/p>\n<ul>\n<li>R\u00fcckreise mit Zwischenstopp in Avanos, bekannt f\u00fcr seine T\u00f6pferwaren und den Fluss Kizilirmak.<\/li>\n<li>Besuchen Sie die Feenkamine \u201eDrei Sch\u00f6nheiten\u201c und genie\u00dfen Sie eine Mittagspause in Aksaray an der Seidenstra\u00dfe.<\/li>\n<\/ul>\n<p><strong>Was ist inbegriffen:<\/strong><\/p>\n<ul>\n<li>Transfers und Unterkunft in einem Vier-Sterne-Hotel (Stone Concept Hotel) mit Halbpension (2 Abendessen und 2 Fr\u00fchst\u00fccke).<\/li>\n<li>Alle Eintrittsgeb\u00fchren (Freilichtmuseum G\u00f6reme und unterirdische Stadt inbegriffen).<\/li>\n<li>Professionelle Betreuung w\u00e4hrend der gesamten Tour.<\/li>\n<\/ul>\n<p><strong>Optionale Extras:<\/strong><\/p>\n<ul>\n<li>Mittagessen in Restaurants w\u00e4hrend der Tour (3-mal).<\/li>\n<li>T\u00fcrkische Nachtshow, tanzende Derwisch-Show und Fahrten mit dem Hei\u00dfluftballon.<\/li>\n<li>Alle Getr\u00e4nke.<\/li>\n<\/ul>\n<p><strong>Weitere Informationen:<\/strong><\/p>\n<ul>\n<li>In Kappadokien ist es tendenziell k\u00fchler als in Alanya. Daher empfiehlt es sich, eine Jacke oder entsprechende Kleidung mitzubringen.<\/li>\n<\/ul>\n<p>Diese Tour bietet au\u00dfergew\u00f6hnliche Einblicke in die historische Tiefe und die nat\u00fcrliche Sch\u00f6nheit Kappadokiens und ist ein Muss f\u00fcr alle, die das Wesen der T\u00fcrkei jenseits der K\u00fcstenresorts erleben m\u00f6chten.<\/p>\n<p><strong>Kappadokien: 2-t\u00e4gige Zaubertour<\/strong><\/p>\n<p>Tauchen Sie ein in das Herz der T\u00fcrkei mit einer magischen 2-t\u00e4gigen Tour nach Kappadokien, einer Region, die nicht nur eine einzigartige, von Natur und Geschichte gepr\u00e4gte Landschaft bietet, sondern auch alte unterirdische St\u00e4dte und bemerkenswerte Felsformationen beherbergt. Diese Reise durch die zentralanatolische Hochebene zur \u00e4therischen Sch\u00f6nheit Kappadokiens verspricht ein unvergessliches Abenteuer.<\/p>\n<p><strong>Reise ins Herz Anatoliens<\/strong><\/p>\n<p><strong>Tag 1:<\/strong><\/p>\n<ul>\n<li>Das Abenteuer beginnt mit der Abholung vom Hotel und einer malerischen Fahrt ins Taurusgebirge.<\/li>\n<li>Besuchen Sie die historische Karawanserei der Seldschuken in Aksaray, eine Erinnerung an die alten Handelsrouten.<\/li>\n<li>Erkunden Sie die faszinierende unterirdische Stadt Saratli Kirkg\u00f6z und tauchen Sie ein in die Tiefen der Geschichte.<\/li>\n<li>Beenden Sie den Tag, indem Sie in einem Hotel in Kappadokien f\u00fcr einen erholsamen Abend einchecken.<\/li>\n<\/ul>\n<p><strong>Tag 2:<\/strong><\/p>\n<ul>\n<li>Widmen Sie Ihren Tag der Entdeckung der Wunder Kappadokiens, von den surrealen Landschaften des Devrent-Tals bis zu den ber\u00fchmten Feenkaminen.<\/li>\n<li>Besuchen Sie wichtige Sehensw\u00fcrdigkeiten wie das Pasabag-Tal und das Freilichtmuseum G\u00f6reme, eine UNESCO-Welterbest\u00e4tte, die byzantinische Kunst in in den Felsen gehauenen Kirchen zeigt.<\/li>\n<li>Reisen Sie zum Dorf Cavusin und erleben Sie optional am Abend eine Show der tanzenden Derwische.<\/li>\n<li>Machen Sie auf dem R\u00fcckweg einen Zwischenstopp in Avanos, das f\u00fcr seine T\u00f6pferwaren bekannt ist, und bewundern Sie den Fluss K\u0131z\u0131l\u0131rmak, den l\u00e4ngsten Fluss der T\u00fcrkei.<\/li>\n<li>Die Tour umfasst einen Halt in einem T\u00f6pferzentrum und einen Besuch der Feenkamine \u201eDrei Sch\u00f6nheiten\u201c sowie eine Mittagspause in Aksaray entlang der Seidenstra\u00dfe.<\/li>\n<\/ul>\n<p><strong>Was ist inbegriffen:<\/strong><\/p>\n<ul>\n<li>Transfers und eine \u00dcbernachtung in einem Vier-Sterne-Hotel (Stone Concept Hotel) mit Halbpension (ein Abendessen und ein Fr\u00fchst\u00fcck inklusive).<\/li>\n<li>Alle Eintrittsgeb\u00fchren f\u00fcr das Freilichtmuseum G\u00f6reme und die unterirdische Stadt.<\/li>\n<li>Professionelle Beratung in Englisch, Deutsch, Polnisch und Russisch.<\/li>\n<\/ul>\n<p><strong>Optionale Extras:<\/strong><\/p>\n<ul>\n<li>Mittagessen in Restaurants w\u00e4hrend der Tour (zweimal).<\/li>\n<li>T\u00fcrkische Nachtshow, Derwisch-Show und Hei\u00dfluftballonfahrten.<\/li>\n<li>Alle Getr\u00e4nke.<\/li>\n<\/ul>\n<p><strong>Weitere Informationen:<\/strong><\/p>\n<ul>\n<li>Das Mevlana (Rumi) Museum ist nicht im zweit\u00e4gigen Tourprogramm enthalten.<\/li>\n<li>Diese Tour ist besonders bei russischen und polnischen Kunden und bei denjenigen mit begrenzter Urlaubszeit beliebt.<\/li>\n<li>Die Bezahlung kann bar direkt bei unserem Reiseleiter im Bus erfolgen.<\/li>\n<\/ul>\n<p>Erkunden Sie die mystischen Landschaften Kappadokiens, wo Geschichte und Natur ineinander \u00fcbergehen und eine m\u00e4rchenhafte Kulisse wie keine andere schaffen. Diese 2-t\u00e4gige Tour bietet einen Einblick in die antike Vergangenheit der T\u00fcrkei, ihre Naturwunder und die best\u00e4ndigen Traditionen, die Besucher aus aller Welt weiterhin verzaubern.<\/p>\n<\/div>","protected":false},"excerpt":{"rendered":"<p>Cappadocia 3-Day Cultural Expedition Embark on a captivating three-day tour from Alanya to Cappadocia, a place of natural wonder and rich history, approximately 500 km from Alanya. This tour combines cultural immersion with exploration of the region&#8217;s unique geological formations, ancient underground cities, and significant historical sites, complete with two nights&#8217; accommodation. Discover the Heart [&hellip;]<\/p>","protected":false},"featured_media":9747,"comment_status":"open","ping_status":"closed","template":"","meta":{"_monsterinsights_skip_tracking":false,"_monsterinsights_sitenote_active":false,"_monsterinsights_sitenote_note":"","_monsterinsights_sitenote_category":0},"product_cat":[96],"product_tag":[],"class_list":{"0":"post-9743","1":"product","2":"type-product","3":"status-publish","4":"has-post-thumbnail","6":"product_cat-cappadocia-tour-from-alanya","8":"first","9":"instock","10":"sale","11":"shipping-taxable","12":"purchasable","13":"product-type-ovabrw_car_rental"},"aioseo_notices":[],"_links":{"self":[{"href":"https:\/\/rainbow07tour.com\/de\/wp-json\/wp\/v2\/product\/9743","targetHints":{"allow":["GET"]}}],"collection":[{"href":"https:\/\/rainbow07tour.com\/de\/wp-json\/wp\/v2\/product"}],"about":[{"href":"https:\/\/rainbow07tour.com\/de\/wp-json\/wp\/v2\/types\/product"}],"replies":[{"embeddable":true,"href":"https:\/\/rainbow07tour.com\/de\/wp-json\/wp\/v2\/comments?post=9743"}],"wp:featuredmedia":[{"embeddable":true,"href":"https:\/\/rainbow07tour.com\/de\/wp-json\/wp\/v2\/media\/9747"}],"wp:attachment":[{"href":"https:\/\/rainbow07tour.com\/de\/wp-json\/wp\/v2\/media?parent=9743"}],"wp:term":[{"taxonomy":"product_cat","embeddable":true,"href":"https:\/\/rainbow07tour.com\/de\/wp-json\/wp\/v2\/product_cat?post=9743"},{"taxonomy":"product_tag","embeddable":true,"href":"https:\/\/rainbow07tour.com\/de\/wp-json\/wp\/v2\/product_tag?post=9743"}],"curies":[{"name":"wp","href":"https:\/\/api.w.org\/{rel}","templated":true}]}}