{"id":9748,"date":"2024-01-14T21:15:13","date_gmt":"2024-01-14T18:15:13","guid":{"rendered":"https:\/\/rainbow07tour.com\/?post_type=product&#038;p=9748"},"modified":"2025-10-06T15:24:37","modified_gmt":"2025-10-06T12:24:37","slug":"alanya-sapadere-canyon-tour","status":"publish","type":"product","link":"https:\/\/rainbow07tour.com\/de\/urun\/alanya-sapadere-canyon-tour\/","title":{"rendered":"Alanya Sapadere Canyon Tour"},"content":{"rendered":"<div class=\"header-ul\"><\/div>\n<div class=\"header-ul\">\n<h3><img decoding=\"async\" class=\"rounded img-fluid float-sm-left mt-2 mr-sm-4 mb-2\" style=\"font-size: 16px;\" src=\"https:\/\/www.dailytoursinalanya.com\/Content\/images\/tours\/12\/thumb\/alanya-sapadere-canyon-tour-12.webp\" alt=\"Alanya Sapadere Canyon Tour 2\" \/><\/h3>\n<\/div>\n<div class=\"content-text\">\n<div class=\"w-full text-token-text-primary\" data-testid=\"conversation-turn-3\">\n<div class=\"px-4 py-2 justify-center text-base md:gap-6 m-auto\">\n<div class=\"flex flex-1 text-base mx-auto gap-3 md:px-5 lg:px-1 xl:px-5 md:max-w-3xl lg:max-w-[40rem] xl:max-w-[48rem] group final-completion\">\n<div class=\"relative flex w-full flex-col agent-turn\">\n<div class=\"flex-col gap-1 md:gap-3\">\n<div class=\"flex flex-grow flex-col max-w-full\">\n<div class=\"min-h-[20px] text-message flex flex-col items-start gap-3 whitespace-pre-wrap break-words [.text-message+&amp;]:mt-5 overflow-x-auto\" data-message-author-role=\"assistant\" data-message-id=\"7f231b48-43be-4342-93d5-e77b451b7253\">\n<div class=\"markdown prose w-full break-words dark:prose-invert dark\">\n<p><strong>Sapadere: Ein mediterranes Paradies<\/strong><\/p>\n<p>Das idyllische Dorf Sapadere liegt eingebettet im Herzen des Mittelmeerraums und ist eine gr\u00fcne Oase, nur 179 Kilometer von Antalya \u2013 dem Kronjuwel des t\u00fcrkischen Tourismus \u2013 und nur 41 Kilometer von der bezaubernden Ferienstadt Alanya entfernt. Um dieses versteckte Juwel zu erreichen, fahren Sie von Alanya aus 20 Kilometer \u00f6stlich, biegen Sie an der Kreuzung Alanya-Gazipasa-Mersin links in Richtung Demirtas Village ab, durchqueren Sie das Dorf und folgen Sie den Hinweisschildern nach Sapadere.<\/p>\n<p><strong>Entdecken Sie das Dorf Sapadere<\/strong><\/p>\n<p>Das Dorf Sapadere ist f\u00fcr seine bezaubernde Natursch\u00f6nheit bekannt. Es bietet eine Vielzahl von Gr\u00fcnfl\u00e4chen und dient als Zufluchtsort f\u00fcr einige der vielf\u00e4ltigsten Pflanzen und Tiere der Region. Das Gebiet ist ein Paradies f\u00fcr Naturliebhaber und bietet atemberaubende Ausblicke auf die gr\u00fcne Landschaft vor der Kulisse der schneebedeckten Taurusberge. Der Sapadere Canyon, ein atemberaubendes Naturwunder mit 360 Metern L\u00e4nge und fast 400 Metern H\u00f6he, liegt nur 3 Kilometer vom Dorf entfernt. Die Entstehung des Canyons ist ein Beweis f\u00fcr die unerbittlichen Kr\u00e4fte von Wasser, Eis und Wind \u00fcber Jahrtausende. Der Canyon ist \u00fcber umweltfreundliche Holzstege erreichbar und bietet Besuchern die M\u00f6glichkeit, in die Natur einzutauchen, das rauschende Wasser, die Wasserf\u00e4lle, seltene Pflanzenarten und die Tierwelt zu bestaunen und dabei die saubere, frische Luft einzuatmen.<\/p>\n<p><strong>Das Herz des Sapadere Canyons<\/strong><\/p>\n<p>Wagen Sie sich tief in den Canyon hinein und entdecken Sie seine Kr\u00f6nung \u2013 einen herrlichen Wasserfall, der 300 Meter vom Eingang entfernt liegt. Dieser Ort eignet sich perfekt, um Erinnerungen in Fotos festzuhalten und bietet die M\u00f6glichkeit f\u00fcr ein erfrischendes Bad im nat\u00fcrlichen Pool unterhalb des Wasserfalls. Trotz der Sommerhitze \u00fcbersteigt die Wassertemperatur selten 12 \u00b0C und bietet ein wirklich belebendes Erlebnis.<\/p>\n<p><strong>H\u00f6hepunkte der Tour und Inklusivleistungen<\/strong><\/p>\n<ul>\n<li>Kostenloser Abhol- und Bringservice vom\/zum Hotel<\/li>\n<li>Fachkundige F\u00fchrung<\/li>\n<li>Ein k\u00f6stliches Mittagessen mit gegrilltem Fisch oder H\u00fchnchen, Salaten und einer Auswahl an Makkaroni oder Reis<\/li>\n<li>Bequemer Transport im klimatisierten Kleinbus oder im 4\u00d74 Land Rover Jeep<\/li>\n<li>Eingang zum Sapadere Canyon<\/li>\n<\/ul>\n<p><strong>Optionale Extras:<\/strong><\/p>\n<ul>\n<li>Getr\u00e4nke<\/li>\n<li>H\u00f6hleneintritt f\u00fcr zus\u00e4tzlich 3 \u20ac<\/li>\n<\/ul>\n<p><strong>Weitere Informationen:<\/strong><\/p>\n<ul>\n<li>Die Bezahlung kann bar direkt bei unserem Reiseleiter im Bus oder Jeep erfolgen.<\/li>\n<li>Wir empfehlen Ihnen, einen Badeanzug mitzubringen, um die nat\u00fcrlichen Badem\u00f6glichkeiten voll genie\u00dfen zu k\u00f6nnen.<\/li>\n<\/ul>\n<p>Entdecken Sie die unber\u00fchrte Sch\u00f6nheit von Sapadere, wo der Reiz der Pracht der Natur auf die Ruhe des Mittelmeers trifft.<\/p>\n<\/div>\n<\/div>\n<\/div>\n<\/div>\n<\/div>\n<\/div>\n<\/div>\n<\/div>\n<\/div>","protected":false},"excerpt":{"rendered":"<p>Sapadere: A Mediterranean Paradise Nestled in the heart of the Mediterranean region, the idyllic village of Sapadere stands as a verdant oasis, a mere 179 kilometers from Antalya\u2014the crown jewel of Turkish tourism\u2014and just 41 kilometers from the enchanting holiday town of Alanya. To reach this hidden gem, journey 20 kilometers east from Alanya, veer [&hellip;]<\/p>","protected":false},"featured_media":9752,"comment_status":"open","ping_status":"closed","template":"","meta":{"_monsterinsights_skip_tracking":false,"_monsterinsights_sitenote_active":false,"_monsterinsights_sitenote_note":"","_monsterinsights_sitenote_category":0},"product_cat":[15],"product_tag":[],"class_list":{"0":"post-9748","1":"product","2":"type-product","3":"status-publish","4":"has-post-thumbnail","6":"product_cat-uncategorized","8":"first","9":"instock","10":"sale","11":"shipping-taxable","12":"purchasable","13":"product-type-ovabrw_car_rental"},"aioseo_notices":[],"_links":{"self":[{"href":"https:\/\/rainbow07tour.com\/de\/wp-json\/wp\/v2\/product\/9748","targetHints":{"allow":["GET"]}}],"collection":[{"href":"https:\/\/rainbow07tour.com\/de\/wp-json\/wp\/v2\/product"}],"about":[{"href":"https:\/\/rainbow07tour.com\/de\/wp-json\/wp\/v2\/types\/product"}],"replies":[{"embeddable":true,"href":"https:\/\/rainbow07tour.com\/de\/wp-json\/wp\/v2\/comments?post=9748"}],"wp:featuredmedia":[{"embeddable":true,"href":"https:\/\/rainbow07tour.com\/de\/wp-json\/wp\/v2\/media\/9752"}],"wp:attachment":[{"href":"https:\/\/rainbow07tour.com\/de\/wp-json\/wp\/v2\/media?parent=9748"}],"wp:term":[{"taxonomy":"product_cat","embeddable":true,"href":"https:\/\/rainbow07tour.com\/de\/wp-json\/wp\/v2\/product_cat?post=9748"},{"taxonomy":"product_tag","embeddable":true,"href":"https:\/\/rainbow07tour.com\/de\/wp-json\/wp\/v2\/product_tag?post=9748"}],"curies":[{"name":"wp","href":"https:\/\/api.w.org\/{rel}","templated":true}]}}