{"id":9860,"date":"2024-01-17T02:30:23","date_gmt":"2024-01-16T23:30:23","guid":{"rendered":"https:\/\/rainbow07tour.com\/?post_type=product&#038;p=9860"},"modified":"2025-09-01T00:59:36","modified_gmt":"2025-08-31T21:59:36","slug":"alanya-big-kral-boat-tour","status":"publish","type":"product","link":"https:\/\/rainbow07tour.com\/de\/urun\/alanya-big-kral-boat-tour\/","title":{"rendered":"RA\u0130NBOW 007 Boat Tour"},"content":{"rendered":"<div class=\"header-ul\">\n<h3>Erlebnisse der Alanya Big Kral Bootstour<\/h3>\n<\/div>\n<div class=\"content-text tour-experiences\">\n<ul>\n<li>Sie gehen an Bord des gr\u00f6\u00dften und imposantesten Piratenboots des Mittelmeers.<\/li>\n<li>Die zauberhafte Architektur dieses Bootes, das aussieht, als k\u00e4me es aus einem fantastischen Film, entf\u00fchrt Sie und vor allem Ihre Kinder in andere Welten.<\/li>\n<li>Sie nehmen an zahlreichen Aktivit\u00e4ten teil, beispielsweise Animationsshows f\u00fcr Erwachsene, einem ganzt\u00e4gigen Miniclub f\u00fcr Kinder, einem reichhaltigen offenen Buffet-Men\u00fc, einer Schaumparty, Feuershows, Tanzshows und Wassersport.<\/li>\n<li>Sie besuchen die H\u00f6hlen rund um Alanyas historische Burg, den Kleopatra-Strand und Alanyas beliebteste Buchten mit einem riesigen Piratenboot.<\/li>\n<\/ul>\n<\/div>\n<div class=\"header-ul\">\n<h3>Programm der Alanya Big Kral Bootstour<\/h3>\n<\/div>\n<div class=\"content-text\">\n<ul>\n<li>Sie werden zwischen 08:20 und 08:50 Uhr mit Transferfahrzeugen von Hotels oder Adressen abgeholt. Der Transfer ist kostenlos.<\/li>\n<li>Das Boot Big Kral legt um 09:00 Uhr ab.<\/li>\n<li>Zun\u00e4chst wird der Miniclub mit einer Kinderschminkaktion er\u00f6ffnet. Der Miniclub ist w\u00e4hrend der F\u00fchrung weiterhin ge\u00f6ffnet. Ihre Kinder k\u00f6nnen Sie hier bedenkenlos zur\u00fccklassen.<\/li>\n<li>Der erste Stopp ist die Schlammh\u00f6hle. Hier k\u00f6nnen Sie ein Schlammbad nehmen.<\/li>\n<li>Nach dem Schlammbad f\u00e4hrt das Boot aufs offene Meer. Hier k\u00f6nnen Sie Karatta Caretta und Delfine sehen.<\/li>\n<li>Nach dem offenen Meer nimmt das Boot seine Route zum Hafen von Alanya.<\/li>\n<li>Gegen 11:30 Uhr ankert das Boot im Hafen von Alanya.<\/li>\n<li>Sie haben eine anderthalbst\u00fcndige Pause, um den Hafen von Alanya und den Basar von Alanya zu besuchen. W\u00e4hrend dieser Zeit k\u00f6nnen Sie entweder den Basar von Alanya besuchen oder auf dem Boot bleiben und weiterhin das Meer und die Sonne genie\u00dfen.<\/li>\n<li>Um 12:30 Uhr beginnt der Essensservice im Hafen von Alanya. Das Essen wird als offenes Buffet serviert. Auf dem Men\u00fc stehen H\u00fchnchen, Salat, Kartoffelp\u00fcree, Nudeln, Reis, russischer Salat, Portulaksalat, Hirtensalat, Haydari (eine t\u00fcrkische Vorspeise) und Fr\u00fcchte der Saison. Alkoholfreie Getr\u00e4nke.<\/li>\n<li>Um 13:00 Uhr verl\u00e4sst das Boot den Seehafen von Alanya und f\u00e4hrt in Richtung der Piratenh\u00f6hle.<\/li>\n<li>Der Guide informiert Sie \u00fcber die Geschichte der Piratenh\u00f6hle. Es wird eine kurze Pause geben, damit Sie Fotos machen k\u00f6nnen.<\/li>\n<li>Ankunft in der Lovers Cave. Hier findet eine kurze Show statt. Der Animator klettert durch einen nat\u00fcrlich geformten Tunnel in der Halbinsel in die H\u00f6hle, die etwa 40 Meter \u00fcber dem Meeresspiegel liegt, und springt von dort ins Meer.<\/li>\n<li>Unser n\u00e4chster Halt ist die H\u00f6hle des farbigen Phosphors. In dieser H\u00f6hle, die eine sehr reiche Meeresfauna beherbergt, k\u00f6nnen viele Meerestiere beobachtet und gef\u00fcttert werden.<\/li>\n<li>Eine Badem\u00f6glichkeit besteht in der Phosphorh\u00f6hle.<\/li>\n<li>Unser n\u00e4chster Stopp ist der ber\u00fchmte Kleopatra-Strand. Hier ist die zweite Badepause. Wenn du einen Schnorchel hast, empfehlen wir dir auf jeden Fall, hier zu tauchen.<\/li>\n<li>Nach der Schwimmpause beginnen Animationsshows und Gruppenspiele f\u00fcr Kinder und Erwachsene. Bei Gruppenspielen werden den Teilnehmern verschiedene \u00dcberraschungsgeschenke \u00fcberreicht.<\/li>\n<li>Der Clubtanz beginnt nach den Wettk\u00e4mpfen. Die Tanzshows beginnen mit Nachtclubmusik und DJ-Auftritten.<\/li>\n<li>Die Portion Spa\u00df wird dann mit der Schaumparty noch gesteigert.<\/li>\n<li>Die Unterhaltung geht bis zum Ende der Tour weiter.<\/li>\n<li>Die letzte Badepause wird in der Bucht \u201eUla\u015f\u201c eingelegt.<\/li>\n<li>Nach der Schwimmpause bewegt sich das Boot in Richtung des Ausgangspunkts.<\/li>\n<li>Gegen 16:00 \u2013 16:30 Uhr f\u00e4hrt das Boot in den Hafen \u201eTurkler\u201c ein.<\/li>\n<li>Sie verlassen das Boot und steigen in die Transferfahrzeuge ein.<\/li>\n<li>Sie werden an Ihrem Hotel oder der Adresse Ihrer Unterkunft abgesetzt.<\/li>\n<\/ul>\n<\/div>","protected":false},"excerpt":{"rendered":"<p>Experiences of Alanya Big Kral Boat Tour You will board the biggest and most imposing pirate boat of the Mediterranean. The magical architecture of this boat, which looks like it came out of a fantastic movie, will take you and especially your children to different worlds. You will participate in many activities such as animation [&hellip;]<\/p>","protected":false},"featured_media":10326,"comment_status":"open","ping_status":"closed","template":"","meta":{"_monsterinsights_skip_tracking":false,"_monsterinsights_sitenote_active":false,"_monsterinsights_sitenote_note":"","_monsterinsights_sitenote_category":0},"product_cat":[66],"product_tag":[],"class_list":{"0":"post-9860","1":"product","2":"type-product","3":"status-publish","4":"has-post-thumbnail","6":"product_cat-tekne-turlari","8":"first","9":"instock","10":"sale","11":"shipping-taxable","12":"purchasable","13":"product-type-ovabrw_car_rental"},"aioseo_notices":[],"_links":{"self":[{"href":"https:\/\/rainbow07tour.com\/de\/wp-json\/wp\/v2\/product\/9860","targetHints":{"allow":["GET"]}}],"collection":[{"href":"https:\/\/rainbow07tour.com\/de\/wp-json\/wp\/v2\/product"}],"about":[{"href":"https:\/\/rainbow07tour.com\/de\/wp-json\/wp\/v2\/types\/product"}],"replies":[{"embeddable":true,"href":"https:\/\/rainbow07tour.com\/de\/wp-json\/wp\/v2\/comments?post=9860"}],"wp:featuredmedia":[{"embeddable":true,"href":"https:\/\/rainbow07tour.com\/de\/wp-json\/wp\/v2\/media\/10326"}],"wp:attachment":[{"href":"https:\/\/rainbow07tour.com\/de\/wp-json\/wp\/v2\/media?parent=9860"}],"wp:term":[{"taxonomy":"product_cat","embeddable":true,"href":"https:\/\/rainbow07tour.com\/de\/wp-json\/wp\/v2\/product_cat?post=9860"},{"taxonomy":"product_tag","embeddable":true,"href":"https:\/\/rainbow07tour.com\/de\/wp-json\/wp\/v2\/product_tag?post=9860"}],"curies":[{"name":"wp","href":"https:\/\/api.w.org\/{rel}","templated":true}]}}