{"id":9732,"date":"2024-01-14T03:04:02","date_gmt":"2024-01-14T00:04:02","guid":{"rendered":"https:\/\/rainbow07tour.com\/?post_type=product&#038;p=9732"},"modified":"2024-03-29T01:58:31","modified_gmt":"2024-03-28T22:58:31","slug":"alanya-aquapark","status":"publish","type":"product","link":"https:\/\/rainbow07tour.com\/tr\/urun\/alanya-aquapark\/","title":{"rendered":"Alanya Su Park\u0131"},"content":{"rendered":"<p><strong>Alanya Waterplanet Aquapark Maceras\u0131<\/strong><\/p>\n<p>Yakla\u015f\u0131k 6500 m\u00b2 alana yay\u0131lan, Alanya ve Antalya b\u00f6lgesinin en b\u00fcy\u00fck su parklar\u0131ndan biri olan Alanya Waterplanet Aquapark&#039;ta heyecana dal\u0131n. 2000 misafir a\u011f\u0131rlama kapasitesine sahip olan park, Alanya \u015fehir merkezine yakla\u015f\u0131k 40 km uzakl\u0131kta yer al\u0131yor. \u00c7ok \u00e7e\u015fitli su atraksiyonlar\u0131yla aileler, arkada\u015flar ve yaln\u0131z macerac\u0131lar i\u00e7in heyecan verici bir g\u00fcn sunuyor.<\/p>\n<p><strong>Su Heyecanlar\u0131 ve Rahatlama Sizi Bekliyor<\/strong><\/p>\n<p>Su park\u0131nda, her ya\u015ftan heyecan arayanlara hitap eden 24 farkl\u0131 kayd\u0131rak ve sim\u00fcle edilmi\u015f okyanus dalgalar\u0131n\u0131n keyfini \u00e7\u0131karmak isteyenler i\u00e7in bir dalga havuzu da dahil olmak \u00fczere 7 farkl\u0131 havuz bulunmaktad\u0131r. Di\u011fer ilgi \u00e7ekici yerler aras\u0131nda su futbolu, nefes kesen 70 metrelik bungee jumping deneyimi, g\u00fcnd\u00fcz diskosu ve g\u00fcvenli e\u011flence i\u00e7in tasarlanm\u0131\u015f daha k\u00fc\u00e7\u00fck havuzlara sahip \u00e7ocuklara \u00f6zel bir alan bulunmaktad\u0131r.<\/p>\n<p>Parkta dinlenmek isteyenler i\u00e7in yapay dalgalarla tamamlanan 300 metrelik rafting parkuru, deniz manzaral\u0131 g\u00fcne\u015flenme teras\u0131, du\u015flar, soyunma odalar\u0131, kilitli dolaplar, sa\u011fl\u0131k hizmetleri, ve k\u00fc\u00e7\u00fckleri g\u00fcn boyu e\u011flendirecek \u00e7ocuk odakl\u0131 animasyonlar.<\/p>\n<p><strong>Neler Dahil:<\/strong><\/p>\n<ul>\n<li>Su park\u0131na gidi\u015f-d\u00f6n\u00fc\u015f transfer.<\/li>\n<li>Konaklaman\u0131z boyunca \u00e7e\u015fitli alkols\u00fcz i\u00e7eceklere s\u0131n\u0131rs\u0131z eri\u015fim.<\/li>\n<li>Parktaki t\u00fcm standart turistik mekanlara eri\u015fim i\u00e7in giri\u015f \u00fccreti.<\/li>\n<li>G\u00fcler y\u00fczl\u00fc personelimiz taraf\u0131ndan sa\u011flanan rehberlik ve yard\u0131m.<\/li>\n<\/ul>\n<p><strong>\u0130ste\u011fe ba\u011fl\u0131 ekstralar:<\/strong><\/p>\n<ul>\n<li>2\u20ac-5\u20ac aras\u0131nda de\u011fi\u015fen fast food men\u00fc \u00f6\u011feleri sat\u0131n al\u0131nabilir.<\/li>\n<li>Rafting ve bungee jumping gibi macera aktiviteleri.<\/li>\n<li>Park i\u00e7erisinde yap\u0131lan ki\u015fisel harcamalar.<\/li>\n<\/ul>\n<p><strong>Ek Bilgiler:<\/strong><\/p>\n<ul>\n<li>6-12 ya\u015f aras\u0131 \u00e7ocuklar i\u00e7in indirimli \u00e7ocuk fiyatlar\u0131 uygulan\u0131rken, 0-6 ya\u015f aras\u0131 \u00e7ocuklar otob\u00fcste koltuksuz olarak \u00fccretsiz giri\u015f hakk\u0131na sahiptir.<\/li>\n<li>Tur ve iste\u011fe ba\u011fl\u0131 ekstralar i\u00e7in \u00f6demeler do\u011frudan otob\u00fcsteki rehberimize nakit olarak yap\u0131labilir.<\/li>\n<\/ul>\n<p>Her ya\u015ftan ziyaret\u00e7iyi sonsuz su heyecan\u0131n\u0131n bekledi\u011fi Alanya Waterplanet Aquapark&#039;ta e\u011flence, macera ve dinlenme dolu bir g\u00fcne haz\u0131rlan\u0131n. \u0130ster kayd\u0131raklardan a\u015fa\u011f\u0131 ko\u015fuyor olun, ister b\u00fcy\u00fck y\u00fcksekliklerden atl\u0131yor olun, ister sadece g\u00fcne\u015fin tad\u0131n\u0131 \u00e7\u0131kar\u0131yor olun, bu su park\u0131 su dolu harikalarla dolu bir d\u00fcnyaya unutulmaz bir ka\u00e7\u0131\u015f vaat ediyor.<\/p>","protected":false},"excerpt":{"rendered":"<p>Alanya Waterplanet Aquapark Adventure Dive into the excitement at Alanya Waterplanet Aquapark, one of the largest waterparks in the Alanya and Antalya regions, sprawling over approximately 6500 m\u00b2. With a capacity to welcome 2000 guests, the park is situated around 40 km from Alanya city center. It offers a thrilling day out for families, friends, [&hellip;]<\/p>","protected":false},"featured_media":9733,"comment_status":"open","ping_status":"closed","template":"","meta":{"_monsterinsights_skip_tracking":false,"_monsterinsights_sitenote_active":false,"_monsterinsights_sitenote_note":"","_monsterinsights_sitenote_category":0},"product_cat":[94],"product_tag":[],"class_list":{"0":"post-9732","1":"product","2":"type-product","3":"status-publish","4":"has-post-thumbnail","6":"product_cat-alanya-aquapark","8":"first","9":"instock","10":"sale","11":"shipping-taxable","12":"purchasable","13":"product-type-ovabrw_car_rental"},"aioseo_notices":[],"_links":{"self":[{"href":"https:\/\/rainbow07tour.com\/tr\/wp-json\/wp\/v2\/product\/9732","targetHints":{"allow":["GET"]}}],"collection":[{"href":"https:\/\/rainbow07tour.com\/tr\/wp-json\/wp\/v2\/product"}],"about":[{"href":"https:\/\/rainbow07tour.com\/tr\/wp-json\/wp\/v2\/types\/product"}],"replies":[{"embeddable":true,"href":"https:\/\/rainbow07tour.com\/tr\/wp-json\/wp\/v2\/comments?post=9732"}],"wp:featuredmedia":[{"embeddable":true,"href":"https:\/\/rainbow07tour.com\/tr\/wp-json\/wp\/v2\/media\/9733"}],"wp:attachment":[{"href":"https:\/\/rainbow07tour.com\/tr\/wp-json\/wp\/v2\/media?parent=9732"}],"wp:term":[{"taxonomy":"product_cat","embeddable":true,"href":"https:\/\/rainbow07tour.com\/tr\/wp-json\/wp\/v2\/product_cat?post=9732"},{"taxonomy":"product_tag","embeddable":true,"href":"https:\/\/rainbow07tour.com\/tr\/wp-json\/wp\/v2\/product_tag?post=9732"}],"curies":[{"name":"wp","href":"https:\/\/api.w.org\/{rel}","templated":true}]}}